{"id":358,"date":"2019-03-27T16:05:24","date_gmt":"2019-03-27T15:05:24","guid":{"rendered":"http:\/\/germanica.com.loopiadns.com\/referenzen\/"},"modified":"2019-03-27T16:26:06","modified_gmt":"2019-03-27T15:26:06","slug":"referenzen","status":"publish","type":"page","link":"https:\/\/germanica.com\/de\/referenzen\/","title":{"rendered":"Referenzen"},"content":{"rendered":"<div class=\"wpb-content-wrapper\">[vc_row full_width=&#8221;stretch_row&#8221;][vc_column][vc_column_text]\n<p style=\"text-align: center;\"><span style=\"font-size: 24px; line-height: 1.6;\">Guide Germanica hat viele treue und zufriedene Kunden. Sie sagen zum Beispiel:<\/span><\/p>\n[\/vc_column_text][\/vc_column][\/vc_row][vc_row][vc_column]<div class=\"vcex-module vcex-testimonials-grid-wrap wpex-clr\"><div class=\"wpex-row vcex-testimonials-grid wpex-clr\"><div class=\"testimonial-entry vcex-grid-item span_1_of_2 col-1 col entry post-334 type-testimonials has-media translation_priority-7\"><div class=\"testimonial-entry-content wpex-relative wpex-boxed wpex-border-0 wpex-clr\"\"><span class=\"testimonial-caret wpex-absolute wpex-block wpex-w-0 wpex-h-0\"><\/span><div class=\"testimonial-entry-title entry-title wpex-mb-10\" style=\"font-size:16px;margin-bottom:18px;\">Wir empfehlen Herrn Wicke gerne<\/div><div class=\"testimonial-entry-details testimonial-entry-text wpex-text-pretty wpex-last-mb-0 wpex-clr\"><p>Seit vielen Jahren arbeiten wir mit Guide Germanica AB \/ Herrn Wicke erfolgreich zusammen. Wir vertrauen voll und ganz auf seine jederzeit zuverl\u00e4ssige Arbeit. F\u00fcr professionelle \u00dcbersetzungsleistungen empfehlen wir Herrn Wicke gerne.<\/p>\n<\/div><\/div><div class=\"testimonial-entry-bottom wpex-flex wpex-flex-wrap wpex-mt-20\">\n<div class=\"testimonial-entry-thumb default-dims wpex-flex-shrink-0 wpex-mr-20\"><img width=\"300\" height=\"300\" src=\"https:\/\/germanica.com\/wp-content\/uploads\/2019\/03\/faust_logo.png\" class=\"testimonials-entry-img wpex-align-middle wpex-rounded-full wpex-border wpex-p-2 wpex-border-solid wpex-border-main\" alt=\"faust translations\" loading=\"lazy\" decoding=\"async\" srcset=\"https:\/\/germanica.com\/wp-content\/uploads\/2019\/03\/faust_logo.png 300w, https:\/\/germanica.com\/wp-content\/uploads\/2019\/03\/faust_logo-150x150.png 150w\" sizes=\"auto, (max-width: 300px) 100vw, 300px\" \/><\/div><div class=\"testimonial-entry-meta wpex-flex-grow\">\n<div class=\"testimonial-entry-author entry-title\">Thomas Faust<\/div>\n\n<div class=\"testimonial-entry-company wpex-text-3\">\n\n\t\n\t\t<a href=\"http:\/\/www.fausttranslations.com\" class=\"wpex-text-inherit wpex-hover-text-inherit\" target=\"_blank\" rel=\"noopener noreferrer\">Faust Translations, Luxemburg<\/a>\n\n\t\n<\/div><\/div><\/div><\/div><div class=\"testimonial-entry vcex-grid-item span_1_of_2 col-2 col entry post-333 type-testimonials has-media translation_priority-7\"><div class=\"testimonial-entry-content wpex-relative wpex-boxed wpex-border-0 wpex-clr\"\"><span class=\"testimonial-caret wpex-absolute wpex-block wpex-w-0 wpex-h-0\"><\/span><div class=\"testimonial-entry-title entry-title wpex-mb-10\" style=\"font-size:16px;margin-bottom:18px;\">Professionell und zug\u00e4nglich<\/div><div class=\"testimonial-entry-details testimonial-entry-text wpex-text-pretty wpex-last-mb-0 wpex-clr\"><p>Guide Germanica AB hat uns unter mehr als 20 Jahren mit zahlreichen \u00dcbersetzungen in vielen verschiedenen Zusammenh\u00e4ngen geholfen. Immer professionell und jederzeit zug\u00e4nglich. Wir sind \u00e4u\u00dferst dankbar f\u00fcr die Hilfe die immer, wenn wir sie ben\u00f6tigen zur Verf\u00fcgung steht. Wir k\u00f6nnen die Firma Guide Germanica in jedem Zusammenhang empfehlen.<\/p>\n<\/div><\/div><div class=\"testimonial-entry-bottom wpex-flex wpex-flex-wrap wpex-mt-20\">\n<div class=\"testimonial-entry-thumb default-dims wpex-flex-shrink-0 wpex-mr-20\"><img width=\"540\" height=\"212\" src=\"https:\/\/germanica.com\/wp-content\/uploads\/2019\/03\/Logo_Kustmarken.jpg\" class=\"testimonials-entry-img wpex-align-middle wpex-rounded-full wpex-border wpex-p-2 wpex-border-solid wpex-border-main\" alt=\"kustmarken\" loading=\"lazy\" decoding=\"async\" srcset=\"https:\/\/germanica.com\/wp-content\/uploads\/2019\/03\/Logo_Kustmarken.jpg 540w, https:\/\/germanica.com\/wp-content\/uploads\/2019\/03\/Logo_Kustmarken-300x118.jpg 300w\" sizes=\"auto, (max-width: 540px) 100vw, 540px\" \/><\/div><div class=\"testimonial-entry-meta wpex-flex-grow\">\n<div class=\"testimonial-entry-author entry-title\">Robert J\u00f6nsson<\/div>\n\n<div class=\"testimonial-entry-company wpex-text-3\">\n\n\t\n\t\t<a href=\"http:\/\/www.kustmarken.se\/\" class=\"wpex-text-inherit wpex-hover-text-inherit\" target=\"_blank\" rel=\"noopener noreferrer\">Kustmarkens Hundtj\u00e4nst AB <\/a>\n\n\t\n<\/div><\/div><\/div><\/div><div class=\"testimonial-entry vcex-grid-item span_1_of_2 col-1 col entry post-330 type-testimonials has-media translation_priority-7\"><div class=\"testimonial-entry-content wpex-relative wpex-boxed wpex-border-0 wpex-clr\"\"><span class=\"testimonial-caret wpex-absolute wpex-block wpex-w-0 wpex-h-0\"><\/span><div class=\"testimonial-entry-title entry-title wpex-mb-10\" style=\"font-size:16px;margin-bottom:18px;\">Wir und unsere Kunden sind \u00e4u\u00dferst zufrieden<\/div><div class=\"testimonial-entry-details testimonial-entry-text wpex-text-pretty wpex-last-mb-0 wpex-clr\"><p>Wir arbeiten seit 15 Jahren mit der Firma Guide Germanica AB zusammen. Alle Auftr\u00e4ge (und das waren einige!) wurden rechtzeitig und in hoher Qualit\u00e4t geliefert. Wir und unsere Kunden sind \u00e4u\u00dferst zufrieden mit unserer Zusammenarbeit. Ich kann Ihnen die Firma Guide Germanica AB nur empfehlen!<\/p>\n<\/div><\/div><div class=\"testimonial-entry-bottom wpex-flex wpex-flex-wrap wpex-mt-20\">\n<div class=\"testimonial-entry-thumb default-dims wpex-flex-shrink-0 wpex-mr-20\"><img width=\"413\" height=\"212\" src=\"https:\/\/germanica.com\/wp-content\/uploads\/2019\/03\/GSL_logo_recension.png\" class=\"testimonials-entry-img wpex-align-middle wpex-rounded-full wpex-border wpex-p-2 wpex-border-solid wpex-border-main\" alt=\"GSL logo\" loading=\"lazy\" decoding=\"async\" srcset=\"https:\/\/germanica.com\/wp-content\/uploads\/2019\/03\/GSL_logo_recension.png 413w, https:\/\/germanica.com\/wp-content\/uploads\/2019\/03\/GSL_logo_recension-300x154.png 300w\" sizes=\"auto, (max-width: 413px) 100vw, 413px\" \/><\/div><div class=\"testimonial-entry-meta wpex-flex-grow\">\n<div class=\"testimonial-entry-author entry-title\">Gabriele Zoth<\/div>\n\n<div class=\"testimonial-entry-company wpex-text-3\">\n\n\t\n\t\t<a href=\"http:\/\/www.globalesprachenlogistik.com\/\" class=\"wpex-text-inherit wpex-hover-text-inherit\" target=\"_blank\" rel=\"noopener noreferrer\">GLOBALE SPRACHEN LOGISTIK. Fach\u00fcbersetzungen + Dolmetschen in allen Sprachen<\/a>\n\n\t\n<\/div><\/div><\/div><\/div><\/div><\/div><div class=\"vcex-spacing wpex-w-100 wpex-clear\" style=\"height:30px;\"><\/div>[\/vc_column][\/vc_row]\n<\/div>","protected":false},"excerpt":{"rendered":"<p>[vc_row full_width=&#8221;stretch_row&#8221;][vc_column][vc_column_text] Guide Germanica hat viele treue und zufriedene Kunden. Sie sagen zum Beispiel: [\/vc_column_text][\/vc_column][\/vc_row][vc_row][vc_column][\/vc_column][\/vc_row]<\/p>\n","protected":false},"author":1,"featured_media":0,"parent":0,"menu_order":0,"comment_status":"closed","ping_status":"closed","template":"","meta":{"footnotes":""},"class_list":["post-358","page","type-page","status-publish","hentry","entry","has-media"],"yoast_head":"<!-- This site is optimized with the Yoast SEO plugin v24.0 - https:\/\/yoast.com\/wordpress\/plugins\/seo\/ -->\n<title>Referenzen | Guide Germanica<\/title>\n<meta name=\"robots\" content=\"index, follow, max-snippet:-1, max-image-preview:large, max-video-preview:-1\" \/>\n<link rel=\"canonical\" href=\"https:\/\/germanica.com\/de\/referenzen\/\" \/>\n<meta property=\"og:locale\" content=\"de_DE\" \/>\n<meta property=\"og:type\" content=\"article\" \/>\n<meta property=\"og:title\" content=\"Referenzen | Guide Germanica\" \/>\n<meta property=\"og:description\" content=\"[vc_row full_width=&#8221;stretch_row&#8221;][vc_column][vc_column_text] Guide Germanica hat viele treue und zufriedene Kunden. Sie sagen zum Beispiel: [\/vc_column_text][\/vc_column][\/vc_row][vc_row][vc_column][\/vc_column][\/vc_row]\" \/>\n<meta property=\"og:url\" content=\"https:\/\/germanica.com\/de\/referenzen\/\" \/>\n<meta property=\"og:site_name\" content=\"Guide Germanica\" \/>\n<meta property=\"article:modified_time\" content=\"2019-03-27T15:26:06+00:00\" \/>\n<meta name=\"twitter:card\" content=\"summary_large_image\" \/>\n<script type=\"application\/ld+json\" class=\"yoast-schema-graph\">{\"@context\":\"https:\/\/schema.org\",\"@graph\":[{\"@type\":\"WebPage\",\"@id\":\"https:\/\/germanica.com\/de\/referenzen\/\",\"url\":\"https:\/\/germanica.com\/de\/referenzen\/\",\"name\":\"Referenzen | Guide Germanica\",\"isPartOf\":{\"@id\":\"https:\/\/germanica.com\/#website\"},\"datePublished\":\"2019-03-27T15:05:24+00:00\",\"dateModified\":\"2019-03-27T15:26:06+00:00\",\"breadcrumb\":{\"@id\":\"https:\/\/germanica.com\/de\/referenzen\/#breadcrumb\"},\"inLanguage\":\"de\",\"potentialAction\":[{\"@type\":\"ReadAction\",\"target\":[\"https:\/\/germanica.com\/de\/referenzen\/\"]}]},{\"@type\":\"BreadcrumbList\",\"@id\":\"https:\/\/germanica.com\/de\/referenzen\/#breadcrumb\",\"itemListElement\":[{\"@type\":\"ListItem\",\"position\":1,\"name\":\"Hem\",\"item\":\"http:\/\/germanica.com\/de\/\"},{\"@type\":\"ListItem\",\"position\":2,\"name\":\"Referenzen\"}]},{\"@type\":\"WebSite\",\"@id\":\"https:\/\/germanica.com\/#website\",\"url\":\"https:\/\/germanica.com\/\",\"name\":\"Guide Germanica\",\"description\":\"\u00dcbersetzung und Dolmetscher f\u00fcr Schwedisch\",\"publisher\":{\"@id\":\"https:\/\/germanica.com\/#organization\"},\"potentialAction\":[{\"@type\":\"SearchAction\",\"target\":{\"@type\":\"EntryPoint\",\"urlTemplate\":\"https:\/\/germanica.com\/?s={search_term_string}\"},\"query-input\":{\"@type\":\"PropertyValueSpecification\",\"valueRequired\":true,\"valueName\":\"search_term_string\"}}],\"inLanguage\":\"de\"},{\"@type\":\"Organization\",\"@id\":\"https:\/\/germanica.com\/#organization\",\"name\":\"Guide Germanica\",\"url\":\"https:\/\/germanica.com\/\",\"logo\":{\"@type\":\"ImageObject\",\"inLanguage\":\"de\",\"@id\":\"https:\/\/germanica.com\/#\/schema\/logo\/image\/\",\"url\":\"https:\/\/germanica.com\/wp-content\/uploads\/2016\/08\/guidegermanica_logo_rbg_400px_72.png\",\"contentUrl\":\"https:\/\/germanica.com\/wp-content\/uploads\/2016\/08\/guidegermanica_logo_rbg_400px_72.png\",\"width\":369,\"height\":400,\"caption\":\"Guide Germanica\"},\"image\":{\"@id\":\"https:\/\/germanica.com\/#\/schema\/logo\/image\/\"}}]}<\/script>\n<!-- \/ Yoast SEO plugin. -->","yoast_head_json":{"title":"Referenzen | Guide Germanica","robots":{"index":"index","follow":"follow","max-snippet":"max-snippet:-1","max-image-preview":"max-image-preview:large","max-video-preview":"max-video-preview:-1"},"canonical":"https:\/\/germanica.com\/de\/referenzen\/","og_locale":"de_DE","og_type":"article","og_title":"Referenzen | Guide Germanica","og_description":"[vc_row full_width=&#8221;stretch_row&#8221;][vc_column][vc_column_text] Guide Germanica hat viele treue und zufriedene Kunden. Sie sagen zum Beispiel: [\/vc_column_text][\/vc_column][\/vc_row][vc_row][vc_column][\/vc_column][\/vc_row]","og_url":"https:\/\/germanica.com\/de\/referenzen\/","og_site_name":"Guide Germanica","article_modified_time":"2019-03-27T15:26:06+00:00","twitter_card":"summary_large_image","schema":{"@context":"https:\/\/schema.org","@graph":[{"@type":"WebPage","@id":"https:\/\/germanica.com\/de\/referenzen\/","url":"https:\/\/germanica.com\/de\/referenzen\/","name":"Referenzen | Guide Germanica","isPartOf":{"@id":"https:\/\/germanica.com\/#website"},"datePublished":"2019-03-27T15:05:24+00:00","dateModified":"2019-03-27T15:26:06+00:00","breadcrumb":{"@id":"https:\/\/germanica.com\/de\/referenzen\/#breadcrumb"},"inLanguage":"de","potentialAction":[{"@type":"ReadAction","target":["https:\/\/germanica.com\/de\/referenzen\/"]}]},{"@type":"BreadcrumbList","@id":"https:\/\/germanica.com\/de\/referenzen\/#breadcrumb","itemListElement":[{"@type":"ListItem","position":1,"name":"Hem","item":"http:\/\/germanica.com\/de\/"},{"@type":"ListItem","position":2,"name":"Referenzen"}]},{"@type":"WebSite","@id":"https:\/\/germanica.com\/#website","url":"https:\/\/germanica.com\/","name":"Guide Germanica","description":"\u00dcbersetzung und Dolmetscher f\u00fcr Schwedisch","publisher":{"@id":"https:\/\/germanica.com\/#organization"},"potentialAction":[{"@type":"SearchAction","target":{"@type":"EntryPoint","urlTemplate":"https:\/\/germanica.com\/?s={search_term_string}"},"query-input":{"@type":"PropertyValueSpecification","valueRequired":true,"valueName":"search_term_string"}}],"inLanguage":"de"},{"@type":"Organization","@id":"https:\/\/germanica.com\/#organization","name":"Guide Germanica","url":"https:\/\/germanica.com\/","logo":{"@type":"ImageObject","inLanguage":"de","@id":"https:\/\/germanica.com\/#\/schema\/logo\/image\/","url":"https:\/\/germanica.com\/wp-content\/uploads\/2016\/08\/guidegermanica_logo_rbg_400px_72.png","contentUrl":"https:\/\/germanica.com\/wp-content\/uploads\/2016\/08\/guidegermanica_logo_rbg_400px_72.png","width":369,"height":400,"caption":"Guide Germanica"},"image":{"@id":"https:\/\/germanica.com\/#\/schema\/logo\/image\/"}}]}},"_links":{"self":[{"href":"https:\/\/germanica.com\/de\/wp-json\/wp\/v2\/pages\/358","targetHints":{"allow":["GET"]}}],"collection":[{"href":"https:\/\/germanica.com\/de\/wp-json\/wp\/v2\/pages"}],"about":[{"href":"https:\/\/germanica.com\/de\/wp-json\/wp\/v2\/types\/page"}],"author":[{"embeddable":true,"href":"https:\/\/germanica.com\/de\/wp-json\/wp\/v2\/users\/1"}],"replies":[{"embeddable":true,"href":"https:\/\/germanica.com\/de\/wp-json\/wp\/v2\/comments?post=358"}],"version-history":[{"count":2,"href":"https:\/\/germanica.com\/de\/wp-json\/wp\/v2\/pages\/358\/revisions"}],"predecessor-version":[{"id":372,"href":"https:\/\/germanica.com\/de\/wp-json\/wp\/v2\/pages\/358\/revisions\/372"}],"wp:attachment":[{"href":"https:\/\/germanica.com\/de\/wp-json\/wp\/v2\/media?parent=358"}],"curies":[{"name":"wp","href":"https:\/\/api.w.org\/{rel}","templated":true}]}}