{"id":325,"date":"2019-03-27T13:18:25","date_gmt":"2019-03-27T12:18:25","guid":{"rendered":"http:\/\/germanica.com.loopiadns.com\/dienstleistungen\/"},"modified":"2024-02-13T16:34:54","modified_gmt":"2024-02-13T15:34:54","slug":"dienstleistungen","status":"publish","type":"page","link":"https:\/\/germanica.com\/de\/dienstleistungen\/","title":{"rendered":"Dienstleistungen"},"content":{"rendered":"<div class=\"wpb-content-wrapper\">[vc_row][vc_column][vc_column_text]\n<p style=\"text-align: center;\"><span style=\"font-size: 24px; line-height: 1.6;\">Guide Germanica ist Ihr deutscher Experte vor Ort in Westschweden.<br \/>\nMit solidem Wissen \u00fcber sowohl Schweden als auch Deutschland k\u00f6nnen wir Ihre Reise,<br \/>\n<\/span><span style=\"font-size: 24px; line-height: 1.6;\">Gesch\u00e4ftsgr\u00fcndung oder Kontaktaufnahme erleichtern.<br \/>\nWir helfen Ihnen bei Bedarf auch mit \u00dcbersetzungen.<\/span><\/p>\n[\/vc_column_text]<div class=\"vcex-spacing wpex-w-100 wpex-clear\"><\/div>[\/vc_column][\/vc_row][vc_row full_width=&#8221;stretch_row&#8221;][vc_column width=&#8221;1\/4&#8243;][vc_single_image image=&#8221;245&#8243; onclick=&#8221;custom_link&#8221; link=&#8221;\/de\/dienstleistungen\/ubersetzung\/&#8221;][vc_column_text]\n<h3>\u00dcbersetzung<\/h3>\n<p>Ich bin ein erfahrener und schneller \u00dcbersetzer f\u00fcr Schwedisch &#8211; Deutsch und Deutsch &#8211; Schwedisch seit fast 30 Jahren. Ich \u00fcbersetze auch aus dem Englischen ins Deutsche und aus dem Englischen ins Schwedische. Ich habe gro\u00dfe Erfahrung mit medizinischen und juristischen Texten, sowie Handb\u00fcchern und Betriebsanleitungen. Ich kenne die schwedische Umweltgesetzgebung. Mitglied im SF\u00d6.[\/vc_column_text]<div class=\"vcex-spacing wpex-w-100 wpex-clear\"><\/div><style>.vcex-button.vcex_6a06b41d861b7{background:#ffbe37;font-size:16px;font-weight:400;}.vcex-button.vcex_6a06b41d861b7:hover{background:#8da863!important;}<\/style><div class=\"theme-button-wrap textcenter wpex-clr\"><a href=\"\/de\/dienstleistungen\/ubersetzung\/\" class=\"vcex-button theme-button flat align-center inline vcex_6a06b41d861b7\"><span class=\"vcex-button-inner theme-button-inner wpex-flex wpex-flex-wrap wpex-items-center wpex-justify-center\">Ich m\u00f6chte mehr wissen<\/span><\/a><\/div> [\/vc_column][vc_column width=&#8221;1\/4&#8243;][vc_single_image image=&#8221;249&#8243; onclick=&#8221;custom_link&#8221; link=&#8221;\/de\/dienstleistungen\/dolmetscher-dolmetschen\/&#8221;][vc_column_text]\n<h3>Dolmetschen\/Dolmetscher\/Sprecher<\/h3>\n<p>Ich dolmetsche Deutsch-Schwedisch-Deutsch. Oftmals in gesch\u00e4ftlichen Treffen oder Vertragsverhandlungen, wenn Firmen zum Beispiel eine Zusammenarbeit beginnen oder Ausr\u00fcstungen oder Lieferungen diskutieren. Ich dolmetsche regelm\u00e4\u00dfig auf Wettbewerben, z.B. auf der WM f\u00fcr Sch\u00e4ferhunde. Ich dolmetsche da f\u00fcr sowohl Richter als auch Teilnehmer. Oftmals werde ich auch als Sprecher eingesetzt.[\/vc_column_text]<div class=\"vcex-spacing wpex-w-100 wpex-clear\"><\/div><style>.vcex-button.vcex_6a06b41d86b00{background:#ffbe37;font-size:16px;font-weight:400;}.vcex-button.vcex_6a06b41d86b00:hover{background:#8da863!important;}<\/style><div class=\"theme-button-wrap textcenter wpex-clr\"><a href=\"\/de\/dienstleistungen\/dolmetscher-dolmetschen\/\" class=\"vcex-button theme-button flat align-center inline vcex_6a06b41d86b00\"><span class=\"vcex-button-inner theme-button-inner wpex-flex wpex-flex-wrap wpex-items-center wpex-justify-center\">Ich m\u00f6chte mehr wissen<\/span><\/a><\/div> [\/vc_column][vc_column width=&#8221;1\/4&#8243;][vc_single_image image=&#8221;255&#8243; onclick=&#8221;custom_link&#8221; link=&#8221;\/de\/dienstleistungen\/etablierungsservice\/&#8221;][vc_column_text]\n<h3>Etablierungsservice<\/h3>\n<p>M\u00f6chte Ihre Firma sich in Schweden oder Deutschland ansiedeln? Oder suchen Sie einen Lieferanten oder Zusammenarbeitspartner? Ich habe langj\u00e4hrige Erfahrungen mit der Hilfe f\u00fcr Firmen und Organisationen in diesem Prozess.[\/vc_column_text]<div class=\"vcex-spacing wpex-w-100 wpex-clear\"><\/div><style>.vcex-button.vcex_6a06b41d870fb{background:#ffbe37;font-size:16px;font-weight:400;}.vcex-button.vcex_6a06b41d870fb:hover{background:#8da863!important;}<\/style><div class=\"theme-button-wrap textcenter wpex-clr\"><a href=\"\/de\/dienstleistungen\/etablierungsservice\/\" class=\"vcex-button theme-button flat align-center inline vcex_6a06b41d870fb\"><span class=\"vcex-button-inner theme-button-inner wpex-flex wpex-flex-wrap wpex-items-center wpex-justify-center\">Ich m\u00f6chte mehr wissen<\/span><\/a><\/div> [\/vc_column][vc_column width=&#8221;1\/4&#8243;][vc_single_image image=&#8221;270&#8243; onclick=&#8221;custom_link&#8221; link=&#8221;\/de\/dienstleistungen\/reiseleiter\/&#8221;][vc_column_text]\n<h3><strong>Reiseleiter\/Touristenf\u00fchrer<\/strong><\/h3>\n<p>Ich f\u00fchre teils an der schwedischen Westk\u00fcste und bin zertifizierter Touristenf\u00fchrer In Bohusl\u00e4ns Guider. Und zum Anderen f\u00fchre ich Gruppen die Schweden besuchen und helfen ihnen da mit allen praktischen Fragen rund um ihren Besuch wie Transporte, Unterkunft und so weiter.[\/vc_column_text]<div class=\"vcex-spacing wpex-w-100 wpex-clear\"><\/div><style>.vcex-button.vcex_6a06b41d877fb{background:#ffbe37;font-size:16px;font-weight:400;}.vcex-button.vcex_6a06b41d877fb:hover{background:#8da863!important;}<\/style><div class=\"theme-button-wrap textcenter wpex-clr\"><a href=\"\/de\/dienstleistungen\/reiseleiter\/\" class=\"vcex-button theme-button flat align-center inline vcex_6a06b41d877fb\"><span class=\"vcex-button-inner theme-button-inner wpex-flex wpex-flex-wrap wpex-items-center wpex-justify-center\">Ich m\u00f6chte mehr wissen<\/span><\/a><\/div> [\/vc_column][\/vc_row][vc_row][vc_column]<div class=\"vcex-spacing wpex-w-100 wpex-clear\" style=\"height:65px;\"><\/div>[\/vc_column][\/vc_row]\n<\/div>","protected":false},"excerpt":{"rendered":"<p>[vc_row][vc_column][vc_column_text] Guide Germanica ist Ihr deutscher Experte vor Ort in Westschweden. Mit solidem Wissen \u00fcber sowohl Schweden als auch Deutschland k\u00f6nnen wir Ihre Reise, Gesch\u00e4ftsgr\u00fcndung oder Kontaktaufnahme erleichtern. Wir helfen Ihnen bei Bedarf auch mit \u00dcbersetzungen. [\/vc_column_text][\/vc_column][\/vc_row][vc_row full_width=&#8221;stretch_row&#8221;][vc_column width=&#8221;1\/4&#8243;][vc_single_image image=&#8221;245&#8243; onclick=&#8221;custom_link&#8221; link=&#8221;\/de\/dienstleistungen\/ubersetzung\/&#8221;][vc_column_text] \u00dcbersetzung Ich bin ein erfahrener und schneller \u00dcbersetzer f\u00fcr Schwedisch &#8211; Deutsch und&hellip;<\/p>\n","protected":false},"author":1,"featured_media":0,"parent":0,"menu_order":0,"comment_status":"closed","ping_status":"closed","template":"","meta":{"footnotes":""},"class_list":["post-325","page","type-page","status-publish","hentry","entry","no-media"],"yoast_head":"<!-- This site is optimized with the Yoast SEO plugin v24.0 - https:\/\/yoast.com\/wordpress\/plugins\/seo\/ -->\n<title>Dienstleistungen | Guide Germanica<\/title>\n<meta name=\"robots\" content=\"index, follow, max-snippet:-1, max-image-preview:large, max-video-preview:-1\" \/>\n<link rel=\"canonical\" href=\"http:\/\/germanica.com\/de\/dienstleistungen\/\" \/>\n<meta property=\"og:locale\" content=\"de_DE\" \/>\n<meta property=\"og:type\" content=\"article\" \/>\n<meta property=\"og:title\" content=\"Dienstleistungen | Guide Germanica\" \/>\n<meta property=\"og:description\" content=\"[vc_row][vc_column][vc_column_text] Guide Germanica ist Ihr deutscher Experte vor Ort in Westschweden. Mit solidem Wissen \u00fcber sowohl Schweden als auch Deutschland k\u00f6nnen wir Ihre Reise, Gesch\u00e4ftsgr\u00fcndung oder Kontaktaufnahme erleichtern. Wir helfen Ihnen bei Bedarf auch mit \u00dcbersetzungen. [\/vc_column_text][\/vc_column][\/vc_row][vc_row full_width=&#8221;stretch_row&#8221;][vc_column width=&#8221;1\/4&#8243;][vc_single_image image=&#8221;245&#8243; onclick=&#8221;custom_link&#8221; link=&#8221;\/de\/dienstleistungen\/ubersetzung\/&#8221;][vc_column_text] \u00dcbersetzung Ich bin ein erfahrener und schneller \u00dcbersetzer f\u00fcr Schwedisch &#8211; Deutsch und&hellip;\" \/>\n<meta property=\"og:url\" content=\"http:\/\/germanica.com\/de\/dienstleistungen\/\" \/>\n<meta property=\"og:site_name\" content=\"Guide Germanica\" \/>\n<meta property=\"article:modified_time\" content=\"2024-02-13T15:34:54+00:00\" \/>\n<meta name=\"twitter:card\" content=\"summary_large_image\" \/>\n<meta name=\"twitter:label1\" content=\"Gesch\u00e4tzte Lesezeit\" \/>\n\t<meta name=\"twitter:data1\" content=\"2\u00a0Minuten\" \/>\n<script type=\"application\/ld+json\" class=\"yoast-schema-graph\">{\"@context\":\"https:\/\/schema.org\",\"@graph\":[{\"@type\":\"WebPage\",\"@id\":\"http:\/\/germanica.com\/de\/dienstleistungen\/\",\"url\":\"http:\/\/germanica.com\/de\/dienstleistungen\/\",\"name\":\"Dienstleistungen | Guide Germanica\",\"isPartOf\":{\"@id\":\"https:\/\/germanica.com\/#website\"},\"datePublished\":\"2019-03-27T12:18:25+00:00\",\"dateModified\":\"2024-02-13T15:34:54+00:00\",\"breadcrumb\":{\"@id\":\"http:\/\/germanica.com\/de\/dienstleistungen\/#breadcrumb\"},\"inLanguage\":\"de\",\"potentialAction\":[{\"@type\":\"ReadAction\",\"target\":[\"http:\/\/germanica.com\/de\/dienstleistungen\/\"]}]},{\"@type\":\"BreadcrumbList\",\"@id\":\"http:\/\/germanica.com\/de\/dienstleistungen\/#breadcrumb\",\"itemListElement\":[{\"@type\":\"ListItem\",\"position\":1,\"name\":\"Hem\",\"item\":\"http:\/\/germanica.com\/de\/\"},{\"@type\":\"ListItem\",\"position\":2,\"name\":\"Dienstleistungen\"}]},{\"@type\":\"WebSite\",\"@id\":\"https:\/\/germanica.com\/#website\",\"url\":\"https:\/\/germanica.com\/\",\"name\":\"Guide Germanica\",\"description\":\"\u00dcbersetzung und Dolmetscher f\u00fcr Schwedisch\",\"publisher\":{\"@id\":\"https:\/\/germanica.com\/#organization\"},\"potentialAction\":[{\"@type\":\"SearchAction\",\"target\":{\"@type\":\"EntryPoint\",\"urlTemplate\":\"https:\/\/germanica.com\/?s={search_term_string}\"},\"query-input\":{\"@type\":\"PropertyValueSpecification\",\"valueRequired\":true,\"valueName\":\"search_term_string\"}}],\"inLanguage\":\"de\"},{\"@type\":\"Organization\",\"@id\":\"https:\/\/germanica.com\/#organization\",\"name\":\"Guide Germanica\",\"url\":\"https:\/\/germanica.com\/\",\"logo\":{\"@type\":\"ImageObject\",\"inLanguage\":\"de\",\"@id\":\"https:\/\/germanica.com\/#\/schema\/logo\/image\/\",\"url\":\"https:\/\/germanica.com\/wp-content\/uploads\/2016\/08\/guidegermanica_logo_rbg_400px_72.png\",\"contentUrl\":\"https:\/\/germanica.com\/wp-content\/uploads\/2016\/08\/guidegermanica_logo_rbg_400px_72.png\",\"width\":369,\"height\":400,\"caption\":\"Guide Germanica\"},\"image\":{\"@id\":\"https:\/\/germanica.com\/#\/schema\/logo\/image\/\"}}]}<\/script>\n<!-- \/ Yoast SEO plugin. -->","yoast_head_json":{"title":"Dienstleistungen | Guide Germanica","robots":{"index":"index","follow":"follow","max-snippet":"max-snippet:-1","max-image-preview":"max-image-preview:large","max-video-preview":"max-video-preview:-1"},"canonical":"http:\/\/germanica.com\/de\/dienstleistungen\/","og_locale":"de_DE","og_type":"article","og_title":"Dienstleistungen | Guide Germanica","og_description":"[vc_row][vc_column][vc_column_text] Guide Germanica ist Ihr deutscher Experte vor Ort in Westschweden. Mit solidem Wissen \u00fcber sowohl Schweden als auch Deutschland k\u00f6nnen wir Ihre Reise, Gesch\u00e4ftsgr\u00fcndung oder Kontaktaufnahme erleichtern. Wir helfen Ihnen bei Bedarf auch mit \u00dcbersetzungen. [\/vc_column_text][\/vc_column][\/vc_row][vc_row full_width=&#8221;stretch_row&#8221;][vc_column width=&#8221;1\/4&#8243;][vc_single_image image=&#8221;245&#8243; onclick=&#8221;custom_link&#8221; link=&#8221;\/de\/dienstleistungen\/ubersetzung\/&#8221;][vc_column_text] \u00dcbersetzung Ich bin ein erfahrener und schneller \u00dcbersetzer f\u00fcr Schwedisch &#8211; Deutsch und&hellip;","og_url":"http:\/\/germanica.com\/de\/dienstleistungen\/","og_site_name":"Guide Germanica","article_modified_time":"2024-02-13T15:34:54+00:00","twitter_card":"summary_large_image","twitter_misc":{"Gesch\u00e4tzte Lesezeit":"2\u00a0Minuten"},"schema":{"@context":"https:\/\/schema.org","@graph":[{"@type":"WebPage","@id":"http:\/\/germanica.com\/de\/dienstleistungen\/","url":"http:\/\/germanica.com\/de\/dienstleistungen\/","name":"Dienstleistungen | Guide Germanica","isPartOf":{"@id":"https:\/\/germanica.com\/#website"},"datePublished":"2019-03-27T12:18:25+00:00","dateModified":"2024-02-13T15:34:54+00:00","breadcrumb":{"@id":"http:\/\/germanica.com\/de\/dienstleistungen\/#breadcrumb"},"inLanguage":"de","potentialAction":[{"@type":"ReadAction","target":["http:\/\/germanica.com\/de\/dienstleistungen\/"]}]},{"@type":"BreadcrumbList","@id":"http:\/\/germanica.com\/de\/dienstleistungen\/#breadcrumb","itemListElement":[{"@type":"ListItem","position":1,"name":"Hem","item":"http:\/\/germanica.com\/de\/"},{"@type":"ListItem","position":2,"name":"Dienstleistungen"}]},{"@type":"WebSite","@id":"https:\/\/germanica.com\/#website","url":"https:\/\/germanica.com\/","name":"Guide Germanica","description":"\u00dcbersetzung und Dolmetscher f\u00fcr Schwedisch","publisher":{"@id":"https:\/\/germanica.com\/#organization"},"potentialAction":[{"@type":"SearchAction","target":{"@type":"EntryPoint","urlTemplate":"https:\/\/germanica.com\/?s={search_term_string}"},"query-input":{"@type":"PropertyValueSpecification","valueRequired":true,"valueName":"search_term_string"}}],"inLanguage":"de"},{"@type":"Organization","@id":"https:\/\/germanica.com\/#organization","name":"Guide Germanica","url":"https:\/\/germanica.com\/","logo":{"@type":"ImageObject","inLanguage":"de","@id":"https:\/\/germanica.com\/#\/schema\/logo\/image\/","url":"https:\/\/germanica.com\/wp-content\/uploads\/2016\/08\/guidegermanica_logo_rbg_400px_72.png","contentUrl":"https:\/\/germanica.com\/wp-content\/uploads\/2016\/08\/guidegermanica_logo_rbg_400px_72.png","width":369,"height":400,"caption":"Guide Germanica"},"image":{"@id":"https:\/\/germanica.com\/#\/schema\/logo\/image\/"}}]}},"_links":{"self":[{"href":"https:\/\/germanica.com\/de\/wp-json\/wp\/v2\/pages\/325","targetHints":{"allow":["GET"]}}],"collection":[{"href":"https:\/\/germanica.com\/de\/wp-json\/wp\/v2\/pages"}],"about":[{"href":"https:\/\/germanica.com\/de\/wp-json\/wp\/v2\/types\/page"}],"author":[{"embeddable":true,"href":"https:\/\/germanica.com\/de\/wp-json\/wp\/v2\/users\/1"}],"replies":[{"embeddable":true,"href":"https:\/\/germanica.com\/de\/wp-json\/wp\/v2\/comments?post=325"}],"version-history":[{"count":7,"href":"https:\/\/germanica.com\/de\/wp-json\/wp\/v2\/pages\/325\/revisions"}],"predecessor-version":[{"id":485,"href":"https:\/\/germanica.com\/de\/wp-json\/wp\/v2\/pages\/325\/revisions\/485"}],"wp:attachment":[{"href":"https:\/\/germanica.com\/de\/wp-json\/wp\/v2\/media?parent=325"}],"curies":[{"name":"wp","href":"https:\/\/api.w.org\/{rel}","templated":true}]}}