{"id":324,"date":"2019-03-27T13:14:46","date_gmt":"2019-03-27T12:14:46","guid":{"rendered":"http:\/\/germanica.com.loopiadns.com\/ubersetzung\/"},"modified":"2024-02-13T15:55:26","modified_gmt":"2024-02-13T14:55:26","slug":"ubersetzung","status":"publish","type":"page","link":"https:\/\/germanica.com\/de\/dienstleistungen\/ubersetzung\/","title":{"rendered":"\u00dcbersetzung"},"content":{"rendered":"<p>\u00dcbersetzungen vom Deutschen und ins Deutsche und andere Sprachen.<\/p>\n<p>Eine professionelle \u00dcbersetzung gibt dem Leser &#8211; Ihrem zuk\u00fcnftigen Kunden &#8211; einen seri\u00f6sen Eindruck. Ich bin professioneller \u00dcbersetzer und Mitglied im SF\u00d6 , dem schwedischen Verband f\u00fcr Fach\u00fcbersetzer. Meine Kompetenz ist breit und ich habe langj\u00e4hrige Erfahrung. Ich habe viele Jahre in Schweden und Deutschland, meinem Herkunftsland, gelebt. Dort habe ich mich zum Lehrer ausgebildet, und das hat mir sehr in meiner Arbeit als \u00dcbersetzer geholfen. In Schweden habe ich mir Ausbildung und Berufserfahrung im Bereich der Krankenpflege sowie der Umweltschutzgesetzgebung erworben.<\/p>\n<p><strong>Spezialbereiche:<\/strong><\/p>\n<ul>\n<li>Medizinische Texte<\/li>\n<li>Juristische Texte<\/li>\n<li>Umwelt- und Umweltschutzgesetzgebung<\/li>\n<li>Technische Handb\u00fccher und Gebrauchsanweisungen<\/li>\n<\/ul>\n<p>In erster Linie \u00fcbersetze ich Schwedisch-Deutsch und Deutsch-Schwedisch. Ich \u00fcbersetze auch aus dem Englischen ins Deutsche und aus dem Englischen ins Schwedische. Mit Hilfe erfahrener Kollegen kann ich Ihnen auch \u00dcbersetzungen aus\/in andere Sprachen wie z.B. Norwegisch anbieten. Als \u00dcbersetzer habe ich ein breites Kontaktnetz und kann auf die Hilfe erfahrener Kollegen rechnen falls \u00dcbersetzungen in andere Sprachen erforderlich sind.<\/p>\n<h2>Textbewertung und Korrektur<\/h2>\n<p>Haben Sie einen eigenen Text geschrieben und m\u00f6chten ihn kontrollieren lassen bevor Sie ihn an Ihren Kunden oder Gesch\u00e4ftspartner schicken? Ich korrigieren ihn gerne und sorge daf\u00fcr dass Ihr Text im Ton und seiner Wortwahl sein Ziel erreicht. Das gilt f\u00fcr alle Arten von Texten inklusive Gesch\u00e4ftsbriefe. Das gilt auch f\u00fcr Ihr CV, bewerben Sie sich f\u00fcr eine Anstellung helfe ich Ihnen damit der Text den schwedischen Erwartungen entspricht.<\/p>\n<h2>Dolmetscher<\/h2>\n<p>Klaus Wicke \u00fcbernimmt auch <a href=\"http:\/\/germanica.com.loopiadns.com\/de\/dienstleistungen\/dolmetscher-dolmetschen\/\">Dolmetscherauftr\u00e4ge<\/a>, z. B. bei Gesch\u00e4ftsverhandlungen und Wettbewerben.<\/p>\n","protected":false},"excerpt":{"rendered":"<p>\u00dcbersetzungen vom Deutschen und ins Deutsche und andere Sprachen. Eine professionelle \u00dcbersetzung gibt dem Leser &#8211; Ihrem zuk\u00fcnftigen Kunden &#8211; einen seri\u00f6sen Eindruck. Ich bin professioneller \u00dcbersetzer und Mitglied im SF\u00d6 , dem schwedischen Verband f\u00fcr Fach\u00fcbersetzer. Meine Kompetenz ist breit und ich habe langj\u00e4hrige Erfahrung. Ich habe viele Jahre in Schweden und Deutschland, meinem&hellip;<\/p>\n","protected":false},"author":1,"featured_media":245,"parent":325,"menu_order":0,"comment_status":"closed","ping_status":"closed","template":"","meta":{"footnotes":""},"class_list":["post-324","page","type-page","status-publish","has-post-thumbnail","hentry","entry","has-media"],"yoast_head":"<!-- This site is optimized with the Yoast SEO plugin v24.0 - https:\/\/yoast.com\/wordpress\/plugins\/seo\/ -->\n<title>\u00dcbersetzung | \u00dcbersetzungen zu Schwedish vom Deutsch | Norwegisch Englisch| Guide Germanica<\/title>\n<meta name=\"description\" content=\"\u00d6vers\u00e4ttning tyska och andra spr\u00e5k fr\u00e5n svenska, och \u00e4ven fr\u00e5n tyska till svenska, engelska, norska och ytterligare spr\u00e5k. Jag \u00e4r tysk och universitetsutbildad i tyska, och \u00f6vers\u00e4tter ledigt mellan tyska och svenska, liksom tolkar dessa spr\u00e5k. Ansluten till SF\u00d6.\" \/>\n<meta name=\"robots\" content=\"index, follow, max-snippet:-1, max-image-preview:large, max-video-preview:-1\" \/>\n<link rel=\"canonical\" href=\"https:\/\/germanica.com\/de\/dienstleistungen\/ubersetzung\/\" \/>\n<meta property=\"og:locale\" content=\"de_DE\" \/>\n<meta property=\"og:type\" content=\"article\" \/>\n<meta property=\"og:title\" content=\"\u00dcbersetzung | \u00dcbersetzungen zu Schwedish vom Deutsch | Norwegisch Englisch| Guide Germanica\" \/>\n<meta property=\"og:description\" content=\"\u00d6vers\u00e4ttning tyska och andra spr\u00e5k fr\u00e5n svenska, och \u00e4ven fr\u00e5n tyska till svenska, engelska, norska och ytterligare spr\u00e5k. Jag \u00e4r tysk och universitetsutbildad i tyska, och \u00f6vers\u00e4tter ledigt mellan tyska och svenska, liksom tolkar dessa spr\u00e5k. Ansluten till SF\u00d6.\" \/>\n<meta property=\"og:url\" content=\"https:\/\/germanica.com\/de\/dienstleistungen\/ubersetzung\/\" \/>\n<meta property=\"og:site_name\" content=\"Guide Germanica\" \/>\n<meta property=\"article:modified_time\" content=\"2024-02-13T14:55:26+00:00\" \/>\n<meta property=\"og:image\" content=\"https:\/\/germanica.com\/wp-content\/uploads\/2019\/03\/Translation_to_german_kvadrat.jpg\" \/>\n\t<meta property=\"og:image:width\" content=\"1000\" \/>\n\t<meta property=\"og:image:height\" content=\"1000\" \/>\n\t<meta property=\"og:image:type\" content=\"image\/jpeg\" \/>\n<meta name=\"twitter:card\" content=\"summary_large_image\" \/>\n<meta name=\"twitter:label1\" content=\"Gesch\u00e4tzte Lesezeit\" \/>\n\t<meta name=\"twitter:data1\" content=\"2\u00a0Minuten\" \/>\n<script type=\"application\/ld+json\" class=\"yoast-schema-graph\">{\"@context\":\"https:\/\/schema.org\",\"@graph\":[{\"@type\":\"WebPage\",\"@id\":\"https:\/\/germanica.com\/de\/dienstleistungen\/ubersetzung\/\",\"url\":\"https:\/\/germanica.com\/de\/dienstleistungen\/ubersetzung\/\",\"name\":\"\u00dcbersetzung | \u00dcbersetzungen zu Schwedish vom Deutsch | Norwegisch Englisch| Guide Germanica\",\"isPartOf\":{\"@id\":\"https:\/\/germanica.com\/#website\"},\"primaryImageOfPage\":{\"@id\":\"https:\/\/germanica.com\/de\/dienstleistungen\/ubersetzung\/#primaryimage\"},\"image\":{\"@id\":\"https:\/\/germanica.com\/de\/dienstleistungen\/ubersetzung\/#primaryimage\"},\"thumbnailUrl\":\"https:\/\/germanica.com\/wp-content\/uploads\/2019\/03\/Translation_to_german_kvadrat.jpg\",\"datePublished\":\"2019-03-27T12:14:46+00:00\",\"dateModified\":\"2024-02-13T14:55:26+00:00\",\"description\":\"\u00d6vers\u00e4ttning tyska och andra spr\u00e5k fr\u00e5n svenska, och \u00e4ven fr\u00e5n tyska till svenska, engelska, norska och ytterligare spr\u00e5k. Jag \u00e4r tysk och universitetsutbildad i tyska, och \u00f6vers\u00e4tter ledigt mellan tyska och svenska, liksom tolkar dessa spr\u00e5k. Ansluten till SF\u00d6.\",\"breadcrumb\":{\"@id\":\"https:\/\/germanica.com\/de\/dienstleistungen\/ubersetzung\/#breadcrumb\"},\"inLanguage\":\"de\",\"potentialAction\":[{\"@type\":\"ReadAction\",\"target\":[\"https:\/\/germanica.com\/de\/dienstleistungen\/ubersetzung\/\"]}]},{\"@type\":\"ImageObject\",\"inLanguage\":\"de\",\"@id\":\"https:\/\/germanica.com\/de\/dienstleistungen\/ubersetzung\/#primaryimage\",\"url\":\"https:\/\/germanica.com\/wp-content\/uploads\/2019\/03\/Translation_to_german_kvadrat.jpg\",\"contentUrl\":\"https:\/\/germanica.com\/wp-content\/uploads\/2019\/03\/Translation_to_german_kvadrat.jpg\",\"width\":1000,\"height\":1000,\"caption\":\"translation to german \u00f6vers\u00e4ttning tyska\"},{\"@type\":\"BreadcrumbList\",\"@id\":\"https:\/\/germanica.com\/de\/dienstleistungen\/ubersetzung\/#breadcrumb\",\"itemListElement\":[{\"@type\":\"ListItem\",\"position\":1,\"name\":\"Hem\",\"item\":\"http:\/\/germanica.com\/de\/\"},{\"@type\":\"ListItem\",\"position\":2,\"name\":\"Dienstleistungen\",\"item\":\"http:\/\/germanica.com\/de\/dienstleistungen\/\"},{\"@type\":\"ListItem\",\"position\":3,\"name\":\"\u00dcbersetzung\"}]},{\"@type\":\"WebSite\",\"@id\":\"https:\/\/germanica.com\/#website\",\"url\":\"https:\/\/germanica.com\/\",\"name\":\"Guide Germanica\",\"description\":\"\u00dcbersetzung und Dolmetscher f\u00fcr Schwedisch\",\"publisher\":{\"@id\":\"https:\/\/germanica.com\/#organization\"},\"potentialAction\":[{\"@type\":\"SearchAction\",\"target\":{\"@type\":\"EntryPoint\",\"urlTemplate\":\"https:\/\/germanica.com\/?s={search_term_string}\"},\"query-input\":{\"@type\":\"PropertyValueSpecification\",\"valueRequired\":true,\"valueName\":\"search_term_string\"}}],\"inLanguage\":\"de\"},{\"@type\":\"Organization\",\"@id\":\"https:\/\/germanica.com\/#organization\",\"name\":\"Guide Germanica\",\"url\":\"https:\/\/germanica.com\/\",\"logo\":{\"@type\":\"ImageObject\",\"inLanguage\":\"de\",\"@id\":\"https:\/\/germanica.com\/#\/schema\/logo\/image\/\",\"url\":\"https:\/\/germanica.com\/wp-content\/uploads\/2016\/08\/guidegermanica_logo_rbg_400px_72.png\",\"contentUrl\":\"https:\/\/germanica.com\/wp-content\/uploads\/2016\/08\/guidegermanica_logo_rbg_400px_72.png\",\"width\":369,\"height\":400,\"caption\":\"Guide Germanica\"},\"image\":{\"@id\":\"https:\/\/germanica.com\/#\/schema\/logo\/image\/\"}}]}<\/script>\n<!-- \/ Yoast SEO plugin. -->","yoast_head_json":{"title":"\u00dcbersetzung | \u00dcbersetzungen zu Schwedish vom Deutsch | Norwegisch Englisch| Guide Germanica","description":"\u00d6vers\u00e4ttning tyska och andra spr\u00e5k fr\u00e5n svenska, och \u00e4ven fr\u00e5n tyska till svenska, engelska, norska och ytterligare spr\u00e5k. Jag \u00e4r tysk och universitetsutbildad i tyska, och \u00f6vers\u00e4tter ledigt mellan tyska och svenska, liksom tolkar dessa spr\u00e5k. Ansluten till SF\u00d6.","robots":{"index":"index","follow":"follow","max-snippet":"max-snippet:-1","max-image-preview":"max-image-preview:large","max-video-preview":"max-video-preview:-1"},"canonical":"https:\/\/germanica.com\/de\/dienstleistungen\/ubersetzung\/","og_locale":"de_DE","og_type":"article","og_title":"\u00dcbersetzung | \u00dcbersetzungen zu Schwedish vom Deutsch | Norwegisch Englisch| Guide Germanica","og_description":"\u00d6vers\u00e4ttning tyska och andra spr\u00e5k fr\u00e5n svenska, och \u00e4ven fr\u00e5n tyska till svenska, engelska, norska och ytterligare spr\u00e5k. Jag \u00e4r tysk och universitetsutbildad i tyska, och \u00f6vers\u00e4tter ledigt mellan tyska och svenska, liksom tolkar dessa spr\u00e5k. Ansluten till SF\u00d6.","og_url":"https:\/\/germanica.com\/de\/dienstleistungen\/ubersetzung\/","og_site_name":"Guide Germanica","article_modified_time":"2024-02-13T14:55:26+00:00","og_image":[{"width":1000,"height":1000,"url":"https:\/\/germanica.com\/wp-content\/uploads\/2019\/03\/Translation_to_german_kvadrat.jpg","type":"image\/jpeg"}],"twitter_card":"summary_large_image","twitter_misc":{"Gesch\u00e4tzte Lesezeit":"2\u00a0Minuten"},"schema":{"@context":"https:\/\/schema.org","@graph":[{"@type":"WebPage","@id":"https:\/\/germanica.com\/de\/dienstleistungen\/ubersetzung\/","url":"https:\/\/germanica.com\/de\/dienstleistungen\/ubersetzung\/","name":"\u00dcbersetzung | \u00dcbersetzungen zu Schwedish vom Deutsch | Norwegisch Englisch| Guide Germanica","isPartOf":{"@id":"https:\/\/germanica.com\/#website"},"primaryImageOfPage":{"@id":"https:\/\/germanica.com\/de\/dienstleistungen\/ubersetzung\/#primaryimage"},"image":{"@id":"https:\/\/germanica.com\/de\/dienstleistungen\/ubersetzung\/#primaryimage"},"thumbnailUrl":"https:\/\/germanica.com\/wp-content\/uploads\/2019\/03\/Translation_to_german_kvadrat.jpg","datePublished":"2019-03-27T12:14:46+00:00","dateModified":"2024-02-13T14:55:26+00:00","description":"\u00d6vers\u00e4ttning tyska och andra spr\u00e5k fr\u00e5n svenska, och \u00e4ven fr\u00e5n tyska till svenska, engelska, norska och ytterligare spr\u00e5k. Jag \u00e4r tysk och universitetsutbildad i tyska, och \u00f6vers\u00e4tter ledigt mellan tyska och svenska, liksom tolkar dessa spr\u00e5k. Ansluten till SF\u00d6.","breadcrumb":{"@id":"https:\/\/germanica.com\/de\/dienstleistungen\/ubersetzung\/#breadcrumb"},"inLanguage":"de","potentialAction":[{"@type":"ReadAction","target":["https:\/\/germanica.com\/de\/dienstleistungen\/ubersetzung\/"]}]},{"@type":"ImageObject","inLanguage":"de","@id":"https:\/\/germanica.com\/de\/dienstleistungen\/ubersetzung\/#primaryimage","url":"https:\/\/germanica.com\/wp-content\/uploads\/2019\/03\/Translation_to_german_kvadrat.jpg","contentUrl":"https:\/\/germanica.com\/wp-content\/uploads\/2019\/03\/Translation_to_german_kvadrat.jpg","width":1000,"height":1000,"caption":"translation to german \u00f6vers\u00e4ttning tyska"},{"@type":"BreadcrumbList","@id":"https:\/\/germanica.com\/de\/dienstleistungen\/ubersetzung\/#breadcrumb","itemListElement":[{"@type":"ListItem","position":1,"name":"Hem","item":"http:\/\/germanica.com\/de\/"},{"@type":"ListItem","position":2,"name":"Dienstleistungen","item":"http:\/\/germanica.com\/de\/dienstleistungen\/"},{"@type":"ListItem","position":3,"name":"\u00dcbersetzung"}]},{"@type":"WebSite","@id":"https:\/\/germanica.com\/#website","url":"https:\/\/germanica.com\/","name":"Guide Germanica","description":"\u00dcbersetzung und Dolmetscher f\u00fcr Schwedisch","publisher":{"@id":"https:\/\/germanica.com\/#organization"},"potentialAction":[{"@type":"SearchAction","target":{"@type":"EntryPoint","urlTemplate":"https:\/\/germanica.com\/?s={search_term_string}"},"query-input":{"@type":"PropertyValueSpecification","valueRequired":true,"valueName":"search_term_string"}}],"inLanguage":"de"},{"@type":"Organization","@id":"https:\/\/germanica.com\/#organization","name":"Guide Germanica","url":"https:\/\/germanica.com\/","logo":{"@type":"ImageObject","inLanguage":"de","@id":"https:\/\/germanica.com\/#\/schema\/logo\/image\/","url":"https:\/\/germanica.com\/wp-content\/uploads\/2016\/08\/guidegermanica_logo_rbg_400px_72.png","contentUrl":"https:\/\/germanica.com\/wp-content\/uploads\/2016\/08\/guidegermanica_logo_rbg_400px_72.png","width":369,"height":400,"caption":"Guide Germanica"},"image":{"@id":"https:\/\/germanica.com\/#\/schema\/logo\/image\/"}}]}},"_links":{"self":[{"href":"https:\/\/germanica.com\/de\/wp-json\/wp\/v2\/pages\/324","targetHints":{"allow":["GET"]}}],"collection":[{"href":"https:\/\/germanica.com\/de\/wp-json\/wp\/v2\/pages"}],"about":[{"href":"https:\/\/germanica.com\/de\/wp-json\/wp\/v2\/types\/page"}],"author":[{"embeddable":true,"href":"https:\/\/germanica.com\/de\/wp-json\/wp\/v2\/users\/1"}],"replies":[{"embeddable":true,"href":"https:\/\/germanica.com\/de\/wp-json\/wp\/v2\/comments?post=324"}],"version-history":[{"count":4,"href":"https:\/\/germanica.com\/de\/wp-json\/wp\/v2\/pages\/324\/revisions"}],"predecessor-version":[{"id":481,"href":"https:\/\/germanica.com\/de\/wp-json\/wp\/v2\/pages\/324\/revisions\/481"}],"up":[{"embeddable":true,"href":"https:\/\/germanica.com\/de\/wp-json\/wp\/v2\/pages\/325"}],"wp:featuredmedia":[{"embeddable":true,"href":"https:\/\/germanica.com\/de\/wp-json\/wp\/v2\/media\/245"}],"wp:attachment":[{"href":"https:\/\/germanica.com\/de\/wp-json\/wp\/v2\/media?parent=324"}],"curies":[{"name":"wp","href":"https:\/\/api.w.org\/{rel}","templated":true}]}}