{"id":435,"date":"2019-03-29T23:14:17","date_gmt":"2019-03-29T22:14:17","guid":{"rendered":"http:\/\/germanica.com.loopiadns.com\/hilfe-bei-sprachenproblem\/"},"modified":"2019-04-01T15:13:23","modified_gmt":"2019-04-01T13:13:23","slug":"hilfe-bei-sprachenproblem","status":"publish","type":"page","link":"http:\/\/germanica.com\/de\/hilfe-bei-sprachenproblem\/","title":{"rendered":"Kann ich Ihnen bei einem Sprachenproblem helfen?"},"content":{"rendered":"<p><strong>Schicken Sie mir Ihr Sprachenproblem &#8211; ich schicke Ihnen Vorschl\u00e4ge f\u00fcr eine L\u00f6sung &amp; Preise<\/strong><\/p>\n\n<div class=\"wpcf7 no-js\" id=\"wpcf7-f427-o1\" lang=\"sv-SE\" dir=\"ltr\" data-wpcf7-id=\"427\">\n<div class=\"screen-reader-response\"><p role=\"status\" aria-live=\"polite\" aria-atomic=\"true\"><\/p> <ul><\/ul><\/div>\n<form action=\"\/de\/wp-json\/wp\/v2\/pages\/435#wpcf7-f427-o1\" method=\"post\" class=\"wpcf7-form init\" aria-label=\"Kontaktformul\u00e4r\" novalidate=\"novalidate\" data-status=\"init\">\n<fieldset class=\"hidden-fields-container\"><input type=\"hidden\" name=\"_wpcf7\" value=\"427\" \/><input type=\"hidden\" name=\"_wpcf7_version\" value=\"6.1.1\" \/><input type=\"hidden\" name=\"_wpcf7_locale\" value=\"sv_SE\" \/><input type=\"hidden\" name=\"_wpcf7_unit_tag\" value=\"wpcf7-f427-o1\" \/><input type=\"hidden\" name=\"_wpcf7_container_post\" value=\"0\" \/><input type=\"hidden\" name=\"_wpcf7_posted_data_hash\" value=\"\" \/><input type=\"hidden\" name=\"_wpcf7_recaptcha_response\" value=\"\" \/>\n<\/fieldset>\n<p><label> Name *<br \/>\n<span class=\"wpcf7-form-control-wrap\" data-name=\"your-name\"><input size=\"40\" maxlength=\"400\" class=\"wpcf7-form-control wpcf7-text wpcf7-validates-as-required\" aria-required=\"true\" aria-invalid=\"false\" value=\"\" type=\"text\" name=\"your-name\" \/><\/span> <\/label>\n<\/p>\n<p><label> E-Post Adresse *<br \/>\n<span class=\"wpcf7-form-control-wrap\" data-name=\"your-email\"><input size=\"40\" maxlength=\"400\" class=\"wpcf7-form-control wpcf7-email wpcf7-validates-as-required wpcf7-text wpcf7-validates-as-email\" aria-required=\"true\" aria-invalid=\"false\" value=\"\" type=\"email\" name=\"your-email\" \/><\/span> <\/label>\n<\/p>\n<p><label> Telefonnummer<br \/>\n<span class=\"wpcf7-form-control-wrap\" data-name=\"tel-445\"><input size=\"40\" maxlength=\"400\" class=\"wpcf7-form-control wpcf7-tel wpcf7-text wpcf7-validates-as-tel\" aria-invalid=\"false\" value=\"\" type=\"tel\" name=\"tel-445\" \/><\/span> <\/label>\n<\/p>\n<p><label> Ihr Sprachenproblem<br \/>\n<span class=\"wpcf7-form-control-wrap\" data-name=\"your-message\"><textarea cols=\"40\" rows=\"10\" maxlength=\"2000\" class=\"wpcf7-form-control wpcf7-textarea\" aria-invalid=\"false\" name=\"your-message\"><\/textarea><\/span> <\/label>\n<\/p>\n<p><span class=\"wpcf7-form-control-wrap wpgdprc\"><span class=\"wpcf7-form-control wpcf7-wpgdprc wpcf7-validates-as-required\"><span class=\"wpcf7-list-item\"><input type=\"checkbox\" name=\"wpgdprc\" value=\"1\" aria-required=\"true\" aria-invalid=\"false\" \/><span class=\"wpcf7-list-item-label\">Durch die Anwendung dieses Formulars erkl\u00e4ren Sie sich mit Lagerung und Bearbeitung Ihrer Angaben einverstanden.<\/span><\/span><\/span>    <\/span>\n<\/p>\n<p><input class=\"wpcf7-form-control wpcf7-submit has-spinner\" type=\"submit\" value=\"Abschicken\" \/>\n<\/p>\n<p>* Felder mit * sind Pflichtfelder\n<\/p><p style=\"display: none !important;\" class=\"akismet-fields-container\" data-prefix=\"_wpcf7_ak_\"><label>&#916;<textarea name=\"_wpcf7_ak_hp_textarea\" cols=\"45\" rows=\"8\" maxlength=\"100\"><\/textarea><\/label><input type=\"hidden\" id=\"ak_js_1\" name=\"_wpcf7_ak_js\" value=\"26\"\/><script>document.getElementById( \"ak_js_1\" ).setAttribute( \"value\", ( new Date() ).getTime() );<\/script><\/p><div class=\"wpcf7-response-output\" aria-hidden=\"true\"><\/div>\n<\/form>\n<\/div>\n\n<p>&nbsp;<\/p>\n<p>&nbsp;<\/p>\n<p>&nbsp;<\/p>\n","protected":false},"excerpt":{"rendered":"<p>Schicken Sie mir Ihr Sprachenproblem &#8211; ich schicke Ihnen Vorschl\u00e4ge f\u00fcr eine L\u00f6sung &amp; Preise &nbsp; &nbsp; &nbsp;<\/p>\n","protected":false},"author":1,"featured_media":0,"parent":0,"menu_order":0,"comment_status":"closed","ping_status":"closed","template":"","meta":{"footnotes":""},"class_list":["post-435","page","type-page","status-publish","hentry","entry","no-media"],"yoast_head":"<!-- This site is optimized with the Yoast SEO plugin v24.0 - https:\/\/yoast.com\/wordpress\/plugins\/seo\/ -->\n<title>Kann ich Ihnen bei einem Sprachenproblem helfen? | Guide Germanica<\/title>\n<meta name=\"description\" content=\"Schicken Sie mir Ihr Sprachenproblem - ich schicke Ihnen Vorschl\u00e4ge f\u00fcr eine L\u00f6sung &amp; Preise. Als mein Kunde sind Sie nie wieder einsam im Sprachen-Dschungel!\" \/>\n<meta name=\"robots\" content=\"index, follow, max-snippet:-1, max-image-preview:large, max-video-preview:-1\" \/>\n<link rel=\"canonical\" href=\"http:\/\/germanica.com\/de\/hilfe-bei-sprachenproblem\/\" \/>\n<meta property=\"og:locale\" content=\"de_DE\" \/>\n<meta property=\"og:type\" content=\"article\" \/>\n<meta property=\"og:title\" content=\"Kann ich Ihnen bei einem Sprachenproblem helfen? | Guide Germanica\" \/>\n<meta property=\"og:description\" content=\"Schicken Sie mir Ihr Sprachenproblem - ich schicke Ihnen Vorschl\u00e4ge f\u00fcr eine L\u00f6sung &amp; Preise. Als mein Kunde sind Sie nie wieder einsam im Sprachen-Dschungel!\" \/>\n<meta property=\"og:url\" content=\"http:\/\/germanica.com\/de\/hilfe-bei-sprachenproblem\/\" \/>\n<meta property=\"og:site_name\" content=\"Guide Germanica\" \/>\n<meta property=\"article:modified_time\" content=\"2019-04-01T13:13:23+00:00\" \/>\n<meta name=\"twitter:card\" content=\"summary_large_image\" \/>\n<script type=\"application\/ld+json\" class=\"yoast-schema-graph\">{\"@context\":\"https:\/\/schema.org\",\"@graph\":[{\"@type\":\"WebPage\",\"@id\":\"http:\/\/germanica.com\/de\/hilfe-bei-sprachenproblem\/\",\"url\":\"http:\/\/germanica.com\/de\/hilfe-bei-sprachenproblem\/\",\"name\":\"Kann ich Ihnen bei einem Sprachenproblem helfen? | Guide Germanica\",\"isPartOf\":{\"@id\":\"https:\/\/germanica.com\/#website\"},\"datePublished\":\"2019-03-29T22:14:17+00:00\",\"dateModified\":\"2019-04-01T13:13:23+00:00\",\"description\":\"Schicken Sie mir Ihr Sprachenproblem - ich schicke Ihnen Vorschl\u00e4ge f\u00fcr eine L\u00f6sung & Preise. Als mein Kunde sind Sie nie wieder einsam im Sprachen-Dschungel!\",\"breadcrumb\":{\"@id\":\"http:\/\/germanica.com\/de\/hilfe-bei-sprachenproblem\/#breadcrumb\"},\"inLanguage\":\"de\",\"potentialAction\":[{\"@type\":\"ReadAction\",\"target\":[\"http:\/\/germanica.com\/de\/hilfe-bei-sprachenproblem\/\"]}]},{\"@type\":\"BreadcrumbList\",\"@id\":\"http:\/\/germanica.com\/de\/hilfe-bei-sprachenproblem\/#breadcrumb\",\"itemListElement\":[{\"@type\":\"ListItem\",\"position\":1,\"name\":\"Hem\",\"item\":\"http:\/\/germanica.com\/de\/\"},{\"@type\":\"ListItem\",\"position\":2,\"name\":\"Kann ich Ihnen bei einem Sprachenproblem helfen?\"}]},{\"@type\":\"WebSite\",\"@id\":\"https:\/\/germanica.com\/#website\",\"url\":\"https:\/\/germanica.com\/\",\"name\":\"Guide Germanica\",\"description\":\"\u00dcbersetzung und Dolmetscher f\u00fcr Schwedisch\",\"publisher\":{\"@id\":\"https:\/\/germanica.com\/#organization\"},\"potentialAction\":[{\"@type\":\"SearchAction\",\"target\":{\"@type\":\"EntryPoint\",\"urlTemplate\":\"https:\/\/germanica.com\/?s={search_term_string}\"},\"query-input\":{\"@type\":\"PropertyValueSpecification\",\"valueRequired\":true,\"valueName\":\"search_term_string\"}}],\"inLanguage\":\"de\"},{\"@type\":\"Organization\",\"@id\":\"https:\/\/germanica.com\/#organization\",\"name\":\"Guide Germanica\",\"url\":\"https:\/\/germanica.com\/\",\"logo\":{\"@type\":\"ImageObject\",\"inLanguage\":\"de\",\"@id\":\"https:\/\/germanica.com\/#\/schema\/logo\/image\/\",\"url\":\"http:\/\/germanica.com\/wp-content\/uploads\/2016\/08\/guidegermanica_logo_rbg_400px_72.png\",\"contentUrl\":\"http:\/\/germanica.com\/wp-content\/uploads\/2016\/08\/guidegermanica_logo_rbg_400px_72.png\",\"width\":369,\"height\":400,\"caption\":\"Guide Germanica\"},\"image\":{\"@id\":\"https:\/\/germanica.com\/#\/schema\/logo\/image\/\"}}]}<\/script>\n<!-- \/ Yoast SEO plugin. -->","yoast_head_json":{"title":"Kann ich Ihnen bei einem Sprachenproblem helfen? | Guide Germanica","description":"Schicken Sie mir Ihr Sprachenproblem - ich schicke Ihnen Vorschl\u00e4ge f\u00fcr eine L\u00f6sung & Preise. Als mein Kunde sind Sie nie wieder einsam im Sprachen-Dschungel!","robots":{"index":"index","follow":"follow","max-snippet":"max-snippet:-1","max-image-preview":"max-image-preview:large","max-video-preview":"max-video-preview:-1"},"canonical":"http:\/\/germanica.com\/de\/hilfe-bei-sprachenproblem\/","og_locale":"de_DE","og_type":"article","og_title":"Kann ich Ihnen bei einem Sprachenproblem helfen? | Guide Germanica","og_description":"Schicken Sie mir Ihr Sprachenproblem - ich schicke Ihnen Vorschl\u00e4ge f\u00fcr eine L\u00f6sung & Preise. Als mein Kunde sind Sie nie wieder einsam im Sprachen-Dschungel!","og_url":"http:\/\/germanica.com\/de\/hilfe-bei-sprachenproblem\/","og_site_name":"Guide Germanica","article_modified_time":"2019-04-01T13:13:23+00:00","twitter_card":"summary_large_image","schema":{"@context":"https:\/\/schema.org","@graph":[{"@type":"WebPage","@id":"http:\/\/germanica.com\/de\/hilfe-bei-sprachenproblem\/","url":"http:\/\/germanica.com\/de\/hilfe-bei-sprachenproblem\/","name":"Kann ich Ihnen bei einem Sprachenproblem helfen? | Guide Germanica","isPartOf":{"@id":"https:\/\/germanica.com\/#website"},"datePublished":"2019-03-29T22:14:17+00:00","dateModified":"2019-04-01T13:13:23+00:00","description":"Schicken Sie mir Ihr Sprachenproblem - ich schicke Ihnen Vorschl\u00e4ge f\u00fcr eine L\u00f6sung & Preise. Als mein Kunde sind Sie nie wieder einsam im Sprachen-Dschungel!","breadcrumb":{"@id":"http:\/\/germanica.com\/de\/hilfe-bei-sprachenproblem\/#breadcrumb"},"inLanguage":"de","potentialAction":[{"@type":"ReadAction","target":["http:\/\/germanica.com\/de\/hilfe-bei-sprachenproblem\/"]}]},{"@type":"BreadcrumbList","@id":"http:\/\/germanica.com\/de\/hilfe-bei-sprachenproblem\/#breadcrumb","itemListElement":[{"@type":"ListItem","position":1,"name":"Hem","item":"http:\/\/germanica.com\/de\/"},{"@type":"ListItem","position":2,"name":"Kann ich Ihnen bei einem Sprachenproblem helfen?"}]},{"@type":"WebSite","@id":"https:\/\/germanica.com\/#website","url":"https:\/\/germanica.com\/","name":"Guide Germanica","description":"\u00dcbersetzung und Dolmetscher f\u00fcr Schwedisch","publisher":{"@id":"https:\/\/germanica.com\/#organization"},"potentialAction":[{"@type":"SearchAction","target":{"@type":"EntryPoint","urlTemplate":"https:\/\/germanica.com\/?s={search_term_string}"},"query-input":{"@type":"PropertyValueSpecification","valueRequired":true,"valueName":"search_term_string"}}],"inLanguage":"de"},{"@type":"Organization","@id":"https:\/\/germanica.com\/#organization","name":"Guide Germanica","url":"https:\/\/germanica.com\/","logo":{"@type":"ImageObject","inLanguage":"de","@id":"https:\/\/germanica.com\/#\/schema\/logo\/image\/","url":"http:\/\/germanica.com\/wp-content\/uploads\/2016\/08\/guidegermanica_logo_rbg_400px_72.png","contentUrl":"http:\/\/germanica.com\/wp-content\/uploads\/2016\/08\/guidegermanica_logo_rbg_400px_72.png","width":369,"height":400,"caption":"Guide Germanica"},"image":{"@id":"https:\/\/germanica.com\/#\/schema\/logo\/image\/"}}]}},"_links":{"self":[{"href":"http:\/\/germanica.com\/de\/wp-json\/wp\/v2\/pages\/435","targetHints":{"allow":["GET"]}}],"collection":[{"href":"http:\/\/germanica.com\/de\/wp-json\/wp\/v2\/pages"}],"about":[{"href":"http:\/\/germanica.com\/de\/wp-json\/wp\/v2\/types\/page"}],"author":[{"embeddable":true,"href":"http:\/\/germanica.com\/de\/wp-json\/wp\/v2\/users\/1"}],"replies":[{"embeddable":true,"href":"http:\/\/germanica.com\/de\/wp-json\/wp\/v2\/comments?post=435"}],"version-history":[{"count":3,"href":"http:\/\/germanica.com\/de\/wp-json\/wp\/v2\/pages\/435\/revisions"}],"predecessor-version":[{"id":442,"href":"http:\/\/germanica.com\/de\/wp-json\/wp\/v2\/pages\/435\/revisions\/442"}],"wp:attachment":[{"href":"http:\/\/germanica.com\/de\/wp-json\/wp\/v2\/media?parent=435"}],"curies":[{"name":"wp","href":"https:\/\/api.w.org\/{rel}","templated":true}]}}