{"id":417,"date":"2019-03-29T22:05:02","date_gmt":"2019-03-29T21:05:02","guid":{"rendered":"http:\/\/germanica.com.loopiadns.com\/uber-klaus-witte\/"},"modified":"2019-03-29T22:09:42","modified_gmt":"2019-03-29T21:09:42","slug":"uber-klaus-witte","status":"publish","type":"page","link":"http:\/\/germanica.com\/de\/uber-klaus-witte\/","title":{"rendered":"\u00dcber Klaus Wicke"},"content":{"rendered":"<div class=\"wpb-content-wrapper\">[vc_row center_row=&#8221;yes&#8221;][vc_column width=&#8221;3\/4&#8243;][vc_empty_space height=&#8221;45px&#8221;]<div class=\"vcex-spacing wpex-w-100 wpex-clear\"><\/div>[vc_column_text]<img loading=\"lazy\" decoding=\"async\" class=\"alignleft wp-image-110\" src=\"http:\/\/germanica.com.loopiadns.com\/wp-content\/uploads\/2017\/01\/Klaus_witte.jpg\" alt=\"Klaus Witte\" width=\"400\" height=\"424\" \/>Ich hei\u00dfe Klaus Wicke und betreibe die Firma Guide Germanica AB. In meiner Firma arbeite ich parallel mit \u00dcbersetzung, F\u00fchrungen und Dolmetschen. Der Betrieb ist im Laufe der Jahre gewachsen und umfasst jetzt auch allgemeine Unterst\u00fctzung f\u00fcr ausl\u00e4ndische Firmen, Vereine und Privatpersonen f\u00fcr verschiedene Aktivit\u00e4ten in Schweden wie zum Beispiel bei Etablierungen. Und das Gleiche gilt auch f\u00fcr schwedische Interessenten die Hilfe f\u00fcr verschiedene Aktivit\u00e4ten in den deutschsprachigen L\u00e4ndern ben\u00f6tigen.<br \/>\nDie Firma Guide Germanica wurde 1992 gegr\u00fcndet und ist seit 2007 eine schwedische Aktiengesellschaft.<\/p>\n<p>Meine gro\u00dfe Neugierde und Kreativit\u00e4t sind mein Antrieb, zum Beispiel sich bei einer gro\u00dfen Maschine, nur durch die Beschreibung in der Gebrauchsanweisung, die Prozesse in ihr vorzustellen, zu verstehen wie ihre verschiedenen Teile zusammenwirken und dann die richtigen Worte zu w\u00e4hlen um dieses Bild im Leser in der anderen Sprache entstehen zu lassen. Da macht das \u00dcbersetzen am Meisten Spa\u00df!<\/p>\n<h3>Mein Hintergrund<\/h3>\n<p>Ich habe meine Kindheit und Jugend in Freiburg im Breisgau verbracht. Ehe ich die Liebe in meinem neuen Heimatland gefunden habe, habe ich an den Universit\u00e4ten in Konstanz und Hamburg studiert. Ich habe meine Studien mit dem ersten Staatsexamen f\u00fcr Lehrer am Gymnasium f\u00fcr Deutsch und Gemeinschaftskunde abgeschlossen.<br \/>\nSeit 1989 wohnte ich an der schwedischen Westk\u00fcste in der Gemeinde Uddevalla im Bohusl\u00e4n. Hier habe ich einige Jahre in der Krankenpflege gearbeitet und mich zum Krankenpfleger ausgebildet und das gibt mir &#8211; zusammen mit meinem lateinischen Sprachwissen aus den Ausbildungen in Deutschland &#8211; eine stabile Unterlage f\u00fcr medizinische \u00dcbersetzungen. Zurzeit arbeite ich auch an einem Gymnasium und da zumeist mit praktischen Umweltfragen. 2007 bin ich nach F\u00e4rgelanda umgezogen.<\/p>\n<h3>Liebe die Natur und naturnahes Leben<\/h3>\n<p>Die schwedische Natur ist ein wichtiger Teil meines Alltags. Sowohl als Erlebnis wie auch als Wert der bewahrt werden muss. Ich war einige Jahre lang ein Funktion\u00e4r in einem schwedischen Natur- und Wanderverein (Friluftsfr\u00e4mjandet). Und das spiegelt sich auch in meinen praktischen Erfahrungen wider: ich bin seit einigen Jahren ein der treibenden Kr\u00e4fte hinter der praktischen Umweltschutzarbeit in Schwedens gr\u00f6\u00dftem Gymnasium gewesen.<br \/>\nDas Gef\u00fchl f\u00fcr Gerechtigkeit ist auch eine der Kr\u00e4fte hinter meinem Engagement f\u00fcr die Zukunft. Seit mehr als zehn Jahren habe ich als Arbeiterschutzobmann und seit einigen Jahren auch als Bereichsobmann in den Bereichen Bau, Handwerk, Fahrzeuge und Industrie gearbeitet.<\/p>\n<h3>Translators without borders<\/h3>\n<p>Seit einigen Jahren bin ich Mitglied im Verein \u201eTranslators without borders\u201c der bei Bedarf mit kostenlosen \u00dcbersetzungen und Dolmetschereins\u00e4tzen hilft. Aber das gilt nicht nur f\u00fcr die vom TWB beglaubigten \u201eEmpf\u00e4nger\u201c &#8211; haben Sie ein Anliegen das f\u00fcr eine bessere, mehr haltbare Umwelt strebt, eine sicherere und gerechtere Zukunft k\u00f6nnen Sie sich gerne melden und ich werde, im Rahmen meiner begrenzten Ressourcen versuchen Ihnen zu helfen!<\/p>\n<p>Meine literarischen Interessen sind ein \u00e4hnliches Beispiel; Ich lese, au\u00dfer einigen Web-Zeitungen, oftmals Sci-Fi und Fantasy; gerne Romane die eine andere Sichtweise auf das, was wir f\u00fcr unseren Alltag halten, vermitteln &#8211; zum Beispiel Alan Dean Foster und die Br\u00fcder Strugatski..<\/p>\n[\/vc_column_text][\/vc_column][vc_column width=&#8221;1\/4&#8243;][vc_empty_space height=&#8221;45px&#8221;]<div class=\"vcex-module vcex-teaser wpex-flex wpex-flex-col vc_custom_1553184419890\"><div class=\"vcex-teaser-media wpex-mb-20\"><img loading=\"lazy\" class=\"wpex-align-middle\" decoding=\"async\" src=\"http:\/\/germanica.com\/wp-content\/uploads\/2017\/01\/Vicker_mark-6087-400x267.jpg\" alt=\"vicker\" srcset=\"http:\/\/germanica.com\/wp-content\/uploads\/2017\/01\/Vicker_mark-6087-400x267.jpg 400w, http:\/\/germanica.com\/wp-content\/uploads\/2017\/01\/Vicker_mark-6087.jpg 1000w\" width=\"400\" height=\"267\"><\/div><div class=\"vcex-teaser-content\"><h3 class=\"vcex-teaser-heading wpex-heading wpex-text-lg\">\u00dcber den Namen Wicke<\/h3><div class=\"vcex-teaser-text wpex-mt-10 wpex-last-mb-0 wpex-clr\"><p>Wicken sind eine Blumengruppe (\u201evicia\u201c auf Lateinisch). Das sind Blumen denen es \u00fcberall gef\u00e4llt, im Wald und in der Stadt. Wir wachsen schnell, sind widerstandskr\u00e4ftig und schlagen leicht Wurzeln. Sie k\u00f6nnen uns \u00fcberall finden. Wir ben\u00f6tigen nicht viel: Nur etwas Fl\u00fcssigkeit, Nahrung und Sonne und dass wir so sein d\u00fcrfen wie wir wollen.<br \/>\nNormalerweise nichts, dass man in einer Vase vorzeigt.<\/p>\n<\/div><\/div><\/div>[vc_empty_space][\/vc_column][\/vc_row][vc_row][vc_column width=&#8221;3\/4&#8243;][vc_column_text][\/vc_column_text][\/vc_column][vc_column width=&#8221;1\/4&#8243;][\/vc_column][\/vc_row]\n<\/div>","protected":false},"excerpt":{"rendered":"<p>[vc_row center_row=&#8221;yes&#8221;][vc_column width=&#8221;3\/4&#8243;][vc_empty_space height=&#8221;45px&#8221;][vc_column_text]Ich hei\u00dfe Klaus Wicke und betreibe die Firma Guide Germanica AB. In meiner Firma arbeite ich parallel mit \u00dcbersetzung, F\u00fchrungen und Dolmetschen. Der Betrieb ist im Laufe der Jahre gewachsen und umfasst jetzt auch allgemeine Unterst\u00fctzung f\u00fcr ausl\u00e4ndische Firmen, Vereine und Privatpersonen f\u00fcr verschiedene Aktivit\u00e4ten in Schweden wie zum Beispiel bei Etablierungen.&hellip;<\/p>\n","protected":false},"author":1,"featured_media":0,"parent":0,"menu_order":0,"comment_status":"closed","ping_status":"closed","template":"","meta":{"footnotes":""},"class_list":["post-417","page","type-page","status-publish","hentry","entry","no-media"],"yoast_head":"<!-- This site is optimized with the Yoast SEO plugin v24.0 - https:\/\/yoast.com\/wordpress\/plugins\/seo\/ -->\n<title>\u00dcber Klaus Wicke | Guide Germanica<\/title>\n<meta name=\"description\" content=\"Ich hei\u00dfe Klaus Wicke und betreibe die Firma Guide Germanica AB. In meiner Firma arbeite ich parallel mit \u00dcbersetzung, F\u00fchrungen und Dolmetschen. Auch allgemeine Unterst\u00fctzung f\u00fcr ausl\u00e4ndische Firmen, Vereine und Privatpersonen f\u00fcr verschiedene Aktivit\u00e4ten in Schweden wie zum Beispiel bei Etablierungen.\" \/>\n<meta name=\"robots\" content=\"index, follow, max-snippet:-1, max-image-preview:large, max-video-preview:-1\" \/>\n<link rel=\"canonical\" href=\"http:\/\/germanica.com\/de\/uber-klaus-witte\/\" \/>\n<meta property=\"og:locale\" content=\"de_DE\" \/>\n<meta property=\"og:type\" content=\"article\" \/>\n<meta property=\"og:title\" content=\"\u00dcber Klaus Wicke | Guide Germanica\" \/>\n<meta property=\"og:description\" content=\"Ich hei\u00dfe Klaus Wicke und betreibe die Firma Guide Germanica AB. In meiner Firma arbeite ich parallel mit \u00dcbersetzung, F\u00fchrungen und Dolmetschen. Auch allgemeine Unterst\u00fctzung f\u00fcr ausl\u00e4ndische Firmen, Vereine und Privatpersonen f\u00fcr verschiedene Aktivit\u00e4ten in Schweden wie zum Beispiel bei Etablierungen.\" \/>\n<meta property=\"og:url\" content=\"http:\/\/germanica.com\/de\/uber-klaus-witte\/\" \/>\n<meta property=\"og:site_name\" content=\"Guide Germanica\" \/>\n<meta property=\"article:modified_time\" content=\"2019-03-29T21:09:42+00:00\" \/>\n<meta property=\"og:image\" content=\"http:\/\/germanica.com.loopiadns.com\/wp-content\/uploads\/2017\/01\/Klaus_witte.jpg\" \/>\n<meta name=\"twitter:card\" content=\"summary_large_image\" \/>\n<meta name=\"twitter:label1\" content=\"Gesch\u00e4tzte Lesezeit\" \/>\n\t<meta name=\"twitter:data1\" content=\"3\u00a0Minuten\" \/>\n<script type=\"application\/ld+json\" class=\"yoast-schema-graph\">{\"@context\":\"https:\/\/schema.org\",\"@graph\":[{\"@type\":\"WebPage\",\"@id\":\"http:\/\/germanica.com\/de\/uber-klaus-witte\/\",\"url\":\"http:\/\/germanica.com\/de\/uber-klaus-witte\/\",\"name\":\"\u00dcber Klaus Wicke | Guide Germanica\",\"isPartOf\":{\"@id\":\"https:\/\/germanica.com\/#website\"},\"primaryImageOfPage\":{\"@id\":\"http:\/\/germanica.com\/de\/uber-klaus-witte\/#primaryimage\"},\"image\":{\"@id\":\"http:\/\/germanica.com\/de\/uber-klaus-witte\/#primaryimage\"},\"thumbnailUrl\":\"http:\/\/germanica.com.loopiadns.com\/wp-content\/uploads\/2017\/01\/Klaus_witte.jpg\",\"datePublished\":\"2019-03-29T21:05:02+00:00\",\"dateModified\":\"2019-03-29T21:09:42+00:00\",\"description\":\"Ich hei\u00dfe Klaus Wicke und betreibe die Firma Guide Germanica AB. In meiner Firma arbeite ich parallel mit \u00dcbersetzung, F\u00fchrungen und Dolmetschen. Auch allgemeine Unterst\u00fctzung f\u00fcr ausl\u00e4ndische Firmen, Vereine und Privatpersonen f\u00fcr verschiedene Aktivit\u00e4ten in Schweden wie zum Beispiel bei Etablierungen.\",\"breadcrumb\":{\"@id\":\"http:\/\/germanica.com\/de\/uber-klaus-witte\/#breadcrumb\"},\"inLanguage\":\"de\",\"potentialAction\":[{\"@type\":\"ReadAction\",\"target\":[\"http:\/\/germanica.com\/de\/uber-klaus-witte\/\"]}]},{\"@type\":\"ImageObject\",\"inLanguage\":\"de\",\"@id\":\"http:\/\/germanica.com\/de\/uber-klaus-witte\/#primaryimage\",\"url\":\"http:\/\/germanica.com.loopiadns.com\/wp-content\/uploads\/2017\/01\/Klaus_witte.jpg\",\"contentUrl\":\"http:\/\/germanica.com.loopiadns.com\/wp-content\/uploads\/2017\/01\/Klaus_witte.jpg\"},{\"@type\":\"BreadcrumbList\",\"@id\":\"http:\/\/germanica.com\/de\/uber-klaus-witte\/#breadcrumb\",\"itemListElement\":[{\"@type\":\"ListItem\",\"position\":1,\"name\":\"Hem\",\"item\":\"https:\/\/germanica.com\/de\/\"},{\"@type\":\"ListItem\",\"position\":2,\"name\":\"\u00dcber Klaus Wicke\"}]},{\"@type\":\"WebSite\",\"@id\":\"https:\/\/germanica.com\/#website\",\"url\":\"https:\/\/germanica.com\/\",\"name\":\"Guide Germanica\",\"description\":\"\u00dcbersetzung und Dolmetscher f\u00fcr Schwedisch\",\"publisher\":{\"@id\":\"https:\/\/germanica.com\/#organization\"},\"potentialAction\":[{\"@type\":\"SearchAction\",\"target\":{\"@type\":\"EntryPoint\",\"urlTemplate\":\"https:\/\/germanica.com\/?s={search_term_string}\"},\"query-input\":{\"@type\":\"PropertyValueSpecification\",\"valueRequired\":true,\"valueName\":\"search_term_string\"}}],\"inLanguage\":\"de\"},{\"@type\":\"Organization\",\"@id\":\"https:\/\/germanica.com\/#organization\",\"name\":\"Guide Germanica\",\"url\":\"https:\/\/germanica.com\/\",\"logo\":{\"@type\":\"ImageObject\",\"inLanguage\":\"de\",\"@id\":\"https:\/\/germanica.com\/#\/schema\/logo\/image\/\",\"url\":\"http:\/\/germanica.com\/wp-content\/uploads\/2016\/08\/guidegermanica_logo_rbg_400px_72.png\",\"contentUrl\":\"http:\/\/germanica.com\/wp-content\/uploads\/2016\/08\/guidegermanica_logo_rbg_400px_72.png\",\"width\":369,\"height\":400,\"caption\":\"Guide Germanica\"},\"image\":{\"@id\":\"https:\/\/germanica.com\/#\/schema\/logo\/image\/\"}}]}<\/script>\n<!-- \/ Yoast SEO plugin. -->","yoast_head_json":{"title":"\u00dcber Klaus Wicke | Guide Germanica","description":"Ich hei\u00dfe Klaus Wicke und betreibe die Firma Guide Germanica AB. In meiner Firma arbeite ich parallel mit \u00dcbersetzung, F\u00fchrungen und Dolmetschen. Auch allgemeine Unterst\u00fctzung f\u00fcr ausl\u00e4ndische Firmen, Vereine und Privatpersonen f\u00fcr verschiedene Aktivit\u00e4ten in Schweden wie zum Beispiel bei Etablierungen.","robots":{"index":"index","follow":"follow","max-snippet":"max-snippet:-1","max-image-preview":"max-image-preview:large","max-video-preview":"max-video-preview:-1"},"canonical":"http:\/\/germanica.com\/de\/uber-klaus-witte\/","og_locale":"de_DE","og_type":"article","og_title":"\u00dcber Klaus Wicke | Guide Germanica","og_description":"Ich hei\u00dfe Klaus Wicke und betreibe die Firma Guide Germanica AB. In meiner Firma arbeite ich parallel mit \u00dcbersetzung, F\u00fchrungen und Dolmetschen. Auch allgemeine Unterst\u00fctzung f\u00fcr ausl\u00e4ndische Firmen, Vereine und Privatpersonen f\u00fcr verschiedene Aktivit\u00e4ten in Schweden wie zum Beispiel bei Etablierungen.","og_url":"http:\/\/germanica.com\/de\/uber-klaus-witte\/","og_site_name":"Guide Germanica","article_modified_time":"2019-03-29T21:09:42+00:00","og_image":[{"url":"http:\/\/germanica.com.loopiadns.com\/wp-content\/uploads\/2017\/01\/Klaus_witte.jpg","type":"","width":"","height":""}],"twitter_card":"summary_large_image","twitter_misc":{"Gesch\u00e4tzte Lesezeit":"3\u00a0Minuten"},"schema":{"@context":"https:\/\/schema.org","@graph":[{"@type":"WebPage","@id":"http:\/\/germanica.com\/de\/uber-klaus-witte\/","url":"http:\/\/germanica.com\/de\/uber-klaus-witte\/","name":"\u00dcber Klaus Wicke | Guide Germanica","isPartOf":{"@id":"https:\/\/germanica.com\/#website"},"primaryImageOfPage":{"@id":"http:\/\/germanica.com\/de\/uber-klaus-witte\/#primaryimage"},"image":{"@id":"http:\/\/germanica.com\/de\/uber-klaus-witte\/#primaryimage"},"thumbnailUrl":"http:\/\/germanica.com.loopiadns.com\/wp-content\/uploads\/2017\/01\/Klaus_witte.jpg","datePublished":"2019-03-29T21:05:02+00:00","dateModified":"2019-03-29T21:09:42+00:00","description":"Ich hei\u00dfe Klaus Wicke und betreibe die Firma Guide Germanica AB. In meiner Firma arbeite ich parallel mit \u00dcbersetzung, F\u00fchrungen und Dolmetschen. Auch allgemeine Unterst\u00fctzung f\u00fcr ausl\u00e4ndische Firmen, Vereine und Privatpersonen f\u00fcr verschiedene Aktivit\u00e4ten in Schweden wie zum Beispiel bei Etablierungen.","breadcrumb":{"@id":"http:\/\/germanica.com\/de\/uber-klaus-witte\/#breadcrumb"},"inLanguage":"de","potentialAction":[{"@type":"ReadAction","target":["http:\/\/germanica.com\/de\/uber-klaus-witte\/"]}]},{"@type":"ImageObject","inLanguage":"de","@id":"http:\/\/germanica.com\/de\/uber-klaus-witte\/#primaryimage","url":"http:\/\/germanica.com.loopiadns.com\/wp-content\/uploads\/2017\/01\/Klaus_witte.jpg","contentUrl":"http:\/\/germanica.com.loopiadns.com\/wp-content\/uploads\/2017\/01\/Klaus_witte.jpg"},{"@type":"BreadcrumbList","@id":"http:\/\/germanica.com\/de\/uber-klaus-witte\/#breadcrumb","itemListElement":[{"@type":"ListItem","position":1,"name":"Hem","item":"https:\/\/germanica.com\/de\/"},{"@type":"ListItem","position":2,"name":"\u00dcber Klaus Wicke"}]},{"@type":"WebSite","@id":"https:\/\/germanica.com\/#website","url":"https:\/\/germanica.com\/","name":"Guide Germanica","description":"\u00dcbersetzung und Dolmetscher f\u00fcr Schwedisch","publisher":{"@id":"https:\/\/germanica.com\/#organization"},"potentialAction":[{"@type":"SearchAction","target":{"@type":"EntryPoint","urlTemplate":"https:\/\/germanica.com\/?s={search_term_string}"},"query-input":{"@type":"PropertyValueSpecification","valueRequired":true,"valueName":"search_term_string"}}],"inLanguage":"de"},{"@type":"Organization","@id":"https:\/\/germanica.com\/#organization","name":"Guide Germanica","url":"https:\/\/germanica.com\/","logo":{"@type":"ImageObject","inLanguage":"de","@id":"https:\/\/germanica.com\/#\/schema\/logo\/image\/","url":"http:\/\/germanica.com\/wp-content\/uploads\/2016\/08\/guidegermanica_logo_rbg_400px_72.png","contentUrl":"http:\/\/germanica.com\/wp-content\/uploads\/2016\/08\/guidegermanica_logo_rbg_400px_72.png","width":369,"height":400,"caption":"Guide Germanica"},"image":{"@id":"https:\/\/germanica.com\/#\/schema\/logo\/image\/"}}]}},"_links":{"self":[{"href":"http:\/\/germanica.com\/de\/wp-json\/wp\/v2\/pages\/417","targetHints":{"allow":["GET"]}}],"collection":[{"href":"http:\/\/germanica.com\/de\/wp-json\/wp\/v2\/pages"}],"about":[{"href":"http:\/\/germanica.com\/de\/wp-json\/wp\/v2\/types\/page"}],"author":[{"embeddable":true,"href":"http:\/\/germanica.com\/de\/wp-json\/wp\/v2\/users\/1"}],"replies":[{"embeddable":true,"href":"http:\/\/germanica.com\/de\/wp-json\/wp\/v2\/comments?post=417"}],"version-history":[{"count":4,"href":"http:\/\/germanica.com\/de\/wp-json\/wp\/v2\/pages\/417\/revisions"}],"predecessor-version":[{"id":422,"href":"http:\/\/germanica.com\/de\/wp-json\/wp\/v2\/pages\/417\/revisions\/422"}],"wp:attachment":[{"href":"http:\/\/germanica.com\/de\/wp-json\/wp\/v2\/media?parent=417"}],"curies":[{"name":"wp","href":"https:\/\/api.w.org\/{rel}","templated":true}]}}