{"id":401,"date":"2019-03-27T17:41:33","date_gmt":"2019-03-27T16:41:33","guid":{"rendered":"http:\/\/germanica.com.loopiadns.com\/datenschutzerklarung\/"},"modified":"2019-03-27T17:45:29","modified_gmt":"2019-03-27T16:45:29","slug":"datenschutzerklarung","status":"publish","type":"page","link":"http:\/\/germanica.com\/de\/dienstleistungen\/datenschutzerklarung\/","title":{"rendered":"Datenschutzerkl\u00e4rung"},"content":{"rendered":"<p>Der Betreiber der Seite www.germanica.com nimmt den Schutz Ihrer pers\u00f6nlichen Daten sehr ernst. Wir behandeln Ihre personenbezogenen Daten vertraulich und entsprechend der gesetzlichen Datenschutzvorschriften sowie dieser\u00a0Datenschutzerkl\u00e4rung.<\/p>\n<p>Personenbezogene Daten werden auf dieser Webseite nur im technisch und f\u00fcr die Durchf\u00fchrung von Auftr\u00e4gen notwendigem Umfang erhoben. Diese Daten werden ohne Ihre ausdr\u00fcckliche Zustimmung nicht an Dritte weitergegeben.<\/p>\n<p>Wir weisen darauf hin, dass die Daten\u00fcbertragung im Internet (z.B. bei der Kommunikation per E-Mail) Sicherheitsl\u00fccken aufweisen kann. Ein l\u00fcckenloser Schutz der Daten vor dem Zugriff durch Dritte ist nicht m\u00f6glich.<\/p>\n<p>&nbsp;<\/p>\n<p>&nbsp;<\/p>\n","protected":false},"excerpt":{"rendered":"<p>Der Betreiber der Seite www.germanica.com nimmt den Schutz Ihrer pers\u00f6nlichen Daten sehr ernst. Wir behandeln Ihre personenbezogenen Daten vertraulich und entsprechend der gesetzlichen Datenschutzvorschriften sowie dieser\u00a0Datenschutzerkl\u00e4rung. Personenbezogene Daten werden auf dieser Webseite nur im technisch und f\u00fcr die Durchf\u00fchrung von Auftr\u00e4gen notwendigem Umfang erhoben. Diese Daten werden ohne Ihre ausdr\u00fcckliche Zustimmung nicht an Dritte weitergegeben.&hellip;<\/p>\n","protected":false},"author":1,"featured_media":168,"parent":325,"menu_order":0,"comment_status":"closed","ping_status":"closed","template":"","meta":{"footnotes":""},"class_list":["post-401","page","type-page","status-publish","has-post-thumbnail","hentry","entry","has-media"],"yoast_head":"<!-- This site is optimized with the Yoast SEO plugin v24.0 - https:\/\/yoast.com\/wordpress\/plugins\/seo\/ -->\n<title>Datenschutzerkl\u00e4rung | Guide Germanica<\/title>\n<meta name=\"description\" content=\"Der Betreiber der Seite www.germanica.com nimmt den Schutz Ihrer pers\u00f6nlichen Daten sehr ernst. Wir behandeln Ihre personenbezogenen Daten vertraulich und entsprechend der gesetzlichen Datenschutzvorschriften sowie dieser\u00a0Datenschutzerkl\u00e4rung\" \/>\n<meta name=\"robots\" content=\"index, follow, max-snippet:-1, max-image-preview:large, max-video-preview:-1\" \/>\n<link rel=\"canonical\" href=\"http:\/\/germanica.com\/de\/dienstleistungen\/datenschutzerklarung\/\" \/>\n<meta property=\"og:locale\" content=\"de_DE\" \/>\n<meta property=\"og:type\" content=\"article\" \/>\n<meta property=\"og:title\" content=\"Datenschutzerkl\u00e4rung | Guide Germanica\" \/>\n<meta property=\"og:description\" content=\"Der Betreiber der Seite www.germanica.com nimmt den Schutz Ihrer pers\u00f6nlichen Daten sehr ernst. Wir behandeln Ihre personenbezogenen Daten vertraulich und entsprechend der gesetzlichen Datenschutzvorschriften sowie dieser\u00a0Datenschutzerkl\u00e4rung\" \/>\n<meta property=\"og:url\" content=\"http:\/\/germanica.com\/de\/dienstleistungen\/datenschutzerklarung\/\" \/>\n<meta property=\"og:site_name\" content=\"Guide Germanica\" \/>\n<meta property=\"article:modified_time\" content=\"2019-03-27T16:45:29+00:00\" \/>\n<meta property=\"og:image\" content=\"http:\/\/germanica.com\/wp-content\/uploads\/2017\/01\/vicker_ny-9463.jpg\" \/>\n\t<meta property=\"og:image:width\" content=\"1000\" \/>\n\t<meta property=\"og:image:height\" content=\"667\" \/>\n\t<meta property=\"og:image:type\" content=\"image\/jpeg\" \/>\n<meta name=\"twitter:card\" content=\"summary_large_image\" \/>\n<meta name=\"twitter:label1\" content=\"Gesch\u00e4tzte Lesezeit\" \/>\n\t<meta name=\"twitter:data1\" content=\"1\u00a0Minute\" \/>\n<script type=\"application\/ld+json\" class=\"yoast-schema-graph\">{\"@context\":\"https:\/\/schema.org\",\"@graph\":[{\"@type\":\"WebPage\",\"@id\":\"http:\/\/germanica.com\/de\/dienstleistungen\/datenschutzerklarung\/\",\"url\":\"http:\/\/germanica.com\/de\/dienstleistungen\/datenschutzerklarung\/\",\"name\":\"Datenschutzerkl\u00e4rung | Guide Germanica\",\"isPartOf\":{\"@id\":\"https:\/\/germanica.com\/#website\"},\"primaryImageOfPage\":{\"@id\":\"http:\/\/germanica.com\/de\/dienstleistungen\/datenschutzerklarung\/#primaryimage\"},\"image\":{\"@id\":\"http:\/\/germanica.com\/de\/dienstleistungen\/datenschutzerklarung\/#primaryimage\"},\"thumbnailUrl\":\"http:\/\/germanica.com\/wp-content\/uploads\/2017\/01\/vicker_ny-9463.jpg\",\"datePublished\":\"2019-03-27T16:41:33+00:00\",\"dateModified\":\"2019-03-27T16:45:29+00:00\",\"description\":\"Der Betreiber der Seite www.germanica.com nimmt den Schutz Ihrer pers\u00f6nlichen Daten sehr ernst. Wir behandeln Ihre personenbezogenen Daten vertraulich und entsprechend der gesetzlichen Datenschutzvorschriften sowie dieser\u00a0Datenschutzerkl\u00e4rung\",\"breadcrumb\":{\"@id\":\"http:\/\/germanica.com\/de\/dienstleistungen\/datenschutzerklarung\/#breadcrumb\"},\"inLanguage\":\"de\",\"potentialAction\":[{\"@type\":\"ReadAction\",\"target\":[\"http:\/\/germanica.com\/de\/dienstleistungen\/datenschutzerklarung\/\"]}]},{\"@type\":\"ImageObject\",\"inLanguage\":\"de\",\"@id\":\"http:\/\/germanica.com\/de\/dienstleistungen\/datenschutzerklarung\/#primaryimage\",\"url\":\"http:\/\/germanica.com\/wp-content\/uploads\/2017\/01\/vicker_ny-9463.jpg\",\"contentUrl\":\"http:\/\/germanica.com\/wp-content\/uploads\/2017\/01\/vicker_ny-9463.jpg\",\"width\":1000,\"height\":667},{\"@type\":\"BreadcrumbList\",\"@id\":\"http:\/\/germanica.com\/de\/dienstleistungen\/datenschutzerklarung\/#breadcrumb\",\"itemListElement\":[{\"@type\":\"ListItem\",\"position\":1,\"name\":\"Hem\",\"item\":\"http:\/\/germanica.com\/de\/\"},{\"@type\":\"ListItem\",\"position\":2,\"name\":\"Dienstleistungen\",\"item\":\"http:\/\/germanica.com\/de\/dienstleistungen\/\"},{\"@type\":\"ListItem\",\"position\":3,\"name\":\"Datenschutzerkl\u00e4rung\"}]},{\"@type\":\"WebSite\",\"@id\":\"https:\/\/germanica.com\/#website\",\"url\":\"https:\/\/germanica.com\/\",\"name\":\"Guide Germanica\",\"description\":\"\u00dcbersetzung und Dolmetscher f\u00fcr Schwedisch\",\"publisher\":{\"@id\":\"https:\/\/germanica.com\/#organization\"},\"potentialAction\":[{\"@type\":\"SearchAction\",\"target\":{\"@type\":\"EntryPoint\",\"urlTemplate\":\"https:\/\/germanica.com\/?s={search_term_string}\"},\"query-input\":{\"@type\":\"PropertyValueSpecification\",\"valueRequired\":true,\"valueName\":\"search_term_string\"}}],\"inLanguage\":\"de\"},{\"@type\":\"Organization\",\"@id\":\"https:\/\/germanica.com\/#organization\",\"name\":\"Guide Germanica\",\"url\":\"https:\/\/germanica.com\/\",\"logo\":{\"@type\":\"ImageObject\",\"inLanguage\":\"de\",\"@id\":\"https:\/\/germanica.com\/#\/schema\/logo\/image\/\",\"url\":\"http:\/\/germanica.com\/wp-content\/uploads\/2016\/08\/guidegermanica_logo_rbg_400px_72.png\",\"contentUrl\":\"http:\/\/germanica.com\/wp-content\/uploads\/2016\/08\/guidegermanica_logo_rbg_400px_72.png\",\"width\":369,\"height\":400,\"caption\":\"Guide Germanica\"},\"image\":{\"@id\":\"https:\/\/germanica.com\/#\/schema\/logo\/image\/\"}}]}<\/script>\n<!-- \/ Yoast SEO plugin. -->","yoast_head_json":{"title":"Datenschutzerkl\u00e4rung | Guide Germanica","description":"Der Betreiber der Seite www.germanica.com nimmt den Schutz Ihrer pers\u00f6nlichen Daten sehr ernst. Wir behandeln Ihre personenbezogenen Daten vertraulich und entsprechend der gesetzlichen Datenschutzvorschriften sowie dieser\u00a0Datenschutzerkl\u00e4rung","robots":{"index":"index","follow":"follow","max-snippet":"max-snippet:-1","max-image-preview":"max-image-preview:large","max-video-preview":"max-video-preview:-1"},"canonical":"http:\/\/germanica.com\/de\/dienstleistungen\/datenschutzerklarung\/","og_locale":"de_DE","og_type":"article","og_title":"Datenschutzerkl\u00e4rung | Guide Germanica","og_description":"Der Betreiber der Seite www.germanica.com nimmt den Schutz Ihrer pers\u00f6nlichen Daten sehr ernst. Wir behandeln Ihre personenbezogenen Daten vertraulich und entsprechend der gesetzlichen Datenschutzvorschriften sowie dieser\u00a0Datenschutzerkl\u00e4rung","og_url":"http:\/\/germanica.com\/de\/dienstleistungen\/datenschutzerklarung\/","og_site_name":"Guide Germanica","article_modified_time":"2019-03-27T16:45:29+00:00","og_image":[{"width":1000,"height":667,"url":"http:\/\/germanica.com\/wp-content\/uploads\/2017\/01\/vicker_ny-9463.jpg","type":"image\/jpeg"}],"twitter_card":"summary_large_image","twitter_misc":{"Gesch\u00e4tzte Lesezeit":"1\u00a0Minute"},"schema":{"@context":"https:\/\/schema.org","@graph":[{"@type":"WebPage","@id":"http:\/\/germanica.com\/de\/dienstleistungen\/datenschutzerklarung\/","url":"http:\/\/germanica.com\/de\/dienstleistungen\/datenschutzerklarung\/","name":"Datenschutzerkl\u00e4rung | Guide Germanica","isPartOf":{"@id":"https:\/\/germanica.com\/#website"},"primaryImageOfPage":{"@id":"http:\/\/germanica.com\/de\/dienstleistungen\/datenschutzerklarung\/#primaryimage"},"image":{"@id":"http:\/\/germanica.com\/de\/dienstleistungen\/datenschutzerklarung\/#primaryimage"},"thumbnailUrl":"http:\/\/germanica.com\/wp-content\/uploads\/2017\/01\/vicker_ny-9463.jpg","datePublished":"2019-03-27T16:41:33+00:00","dateModified":"2019-03-27T16:45:29+00:00","description":"Der Betreiber der Seite www.germanica.com nimmt den Schutz Ihrer pers\u00f6nlichen Daten sehr ernst. Wir behandeln Ihre personenbezogenen Daten vertraulich und entsprechend der gesetzlichen Datenschutzvorschriften sowie dieser\u00a0Datenschutzerkl\u00e4rung","breadcrumb":{"@id":"http:\/\/germanica.com\/de\/dienstleistungen\/datenschutzerklarung\/#breadcrumb"},"inLanguage":"de","potentialAction":[{"@type":"ReadAction","target":["http:\/\/germanica.com\/de\/dienstleistungen\/datenschutzerklarung\/"]}]},{"@type":"ImageObject","inLanguage":"de","@id":"http:\/\/germanica.com\/de\/dienstleistungen\/datenschutzerklarung\/#primaryimage","url":"http:\/\/germanica.com\/wp-content\/uploads\/2017\/01\/vicker_ny-9463.jpg","contentUrl":"http:\/\/germanica.com\/wp-content\/uploads\/2017\/01\/vicker_ny-9463.jpg","width":1000,"height":667},{"@type":"BreadcrumbList","@id":"http:\/\/germanica.com\/de\/dienstleistungen\/datenschutzerklarung\/#breadcrumb","itemListElement":[{"@type":"ListItem","position":1,"name":"Hem","item":"http:\/\/germanica.com\/de\/"},{"@type":"ListItem","position":2,"name":"Dienstleistungen","item":"http:\/\/germanica.com\/de\/dienstleistungen\/"},{"@type":"ListItem","position":3,"name":"Datenschutzerkl\u00e4rung"}]},{"@type":"WebSite","@id":"https:\/\/germanica.com\/#website","url":"https:\/\/germanica.com\/","name":"Guide Germanica","description":"\u00dcbersetzung und Dolmetscher f\u00fcr Schwedisch","publisher":{"@id":"https:\/\/germanica.com\/#organization"},"potentialAction":[{"@type":"SearchAction","target":{"@type":"EntryPoint","urlTemplate":"https:\/\/germanica.com\/?s={search_term_string}"},"query-input":{"@type":"PropertyValueSpecification","valueRequired":true,"valueName":"search_term_string"}}],"inLanguage":"de"},{"@type":"Organization","@id":"https:\/\/germanica.com\/#organization","name":"Guide Germanica","url":"https:\/\/germanica.com\/","logo":{"@type":"ImageObject","inLanguage":"de","@id":"https:\/\/germanica.com\/#\/schema\/logo\/image\/","url":"http:\/\/germanica.com\/wp-content\/uploads\/2016\/08\/guidegermanica_logo_rbg_400px_72.png","contentUrl":"http:\/\/germanica.com\/wp-content\/uploads\/2016\/08\/guidegermanica_logo_rbg_400px_72.png","width":369,"height":400,"caption":"Guide Germanica"},"image":{"@id":"https:\/\/germanica.com\/#\/schema\/logo\/image\/"}}]}},"_links":{"self":[{"href":"http:\/\/germanica.com\/de\/wp-json\/wp\/v2\/pages\/401","targetHints":{"allow":["GET"]}}],"collection":[{"href":"http:\/\/germanica.com\/de\/wp-json\/wp\/v2\/pages"}],"about":[{"href":"http:\/\/germanica.com\/de\/wp-json\/wp\/v2\/types\/page"}],"author":[{"embeddable":true,"href":"http:\/\/germanica.com\/de\/wp-json\/wp\/v2\/users\/1"}],"replies":[{"embeddable":true,"href":"http:\/\/germanica.com\/de\/wp-json\/wp\/v2\/comments?post=401"}],"version-history":[{"count":2,"href":"http:\/\/germanica.com\/de\/wp-json\/wp\/v2\/pages\/401\/revisions"}],"predecessor-version":[{"id":403,"href":"http:\/\/germanica.com\/de\/wp-json\/wp\/v2\/pages\/401\/revisions\/403"}],"up":[{"embeddable":true,"href":"http:\/\/germanica.com\/de\/wp-json\/wp\/v2\/pages\/325"}],"wp:featuredmedia":[{"embeddable":true,"href":"http:\/\/germanica.com\/de\/wp-json\/wp\/v2\/media\/168"}],"wp:attachment":[{"href":"http:\/\/germanica.com\/de\/wp-json\/wp\/v2\/media?parent=401"}],"curies":[{"name":"wp","href":"https:\/\/api.w.org\/{rel}","templated":true}]}}